{"id":6718,"date":"2022-06-10T11:29:16","date_gmt":"2022-06-10T11:29:16","guid":{"rendered":"https:\/\/dirkconsulting.com\/?page_id=6718"},"modified":"2022-06-13T10:10:59","modified_gmt":"2022-06-13T10:10:59","slug":"registro-kit-digital","status":"publish","type":"page","link":"https:\/\/valensaconsulting.com\/en\/registro-kit-digital\/","title":{"rendered":"Registro Kit Digital"},"content":{"rendered":"<p>[et_pb_section fb_built=\u00bb1&#8243; admin_label=\u00bbProject Details Section\u00bb _builder_version=\u00bb4.16&#8243; _module_preset=\u00bbdefault\u00bb background_image=\u00bbhttps:\/\/valensaconsulting.com\/wp-content\/uploads\/2022\/06\/section-bg-graph.png\u00bb background_size=\u00bbcontain\u00bb background_position=\u00bbbottom_center\u00bb custom_padding=\u00bb90px||90px|\u00bb global_colors_info=\u00bb{}\u00bb][et_pb_row admin_label=\u00bbProject Summary\u00bb _builder_version=\u00bb4.17.4&#8243; _module_preset=\u00bbdefault\u00bb custom_padding=\u00bb|||\u00bb global_colors_info=\u00bb{}\u00bb][et_pb_column type=\u00bb4_4&#8243; _builder_version=\u00bb4.16&#8243; _module_preset=\u00bbdefault\u00bb custom_padding=\u00bb|||\u00bb global_colors_info=\u00bb{}\u00bb custom_padding__hover=\u00bb|||\u00bb][et_pb_text admin_label=\u00bbTitle\u00bb _builder_version=\u00bb4.17.4&#8243; _module_preset=\u00bbdefault\u00bb text_font=\u00bbPoppins||||||||\u00bb text_font_size=\u00bb16px\u00bb text_line_height=\u00bb1.8em\u00bb ul_font=\u00bb||||||||\u00bb ol_font=\u00bb||||||||\u00bb header_font=\u00bb||||||||\u00bb header_2_font=\u00bbPoppins|600|||||||\u00bb header_2_font_size=\u00bb36px\u00bb header_2_line_height=\u00bb1.4em\u00bb max_width=\u00bb800px\u00bb module_alignment=\u00bbcenter\u00bb animation_style=\u00bbfade\u00bb animation_direction=\u00bbbottom\u00bb animation_starting_opacity=\u00bb100%\u00bb global_colors_info=\u00bb{}\u00bb]<\/p>\n<h2><a href=\"https:\/\/valensaconsulting.com\/wp-content\/uploads\/2022\/06\/Logo-digitalizadores-2048x238.png\"><img loading=\"lazy\" decoding=\"async\" class=\"wp-image-6386 alignnone size-full\" src=\"https:\/\/valensaconsulting.com\/wp-content\/uploads\/2022\/06\/Logo-digitalizadores-2048x238.png\" alt=\"\" width=\"2048\" height=\"238\" \/><\/a><\/h2>\n<h2>Registro para Subvenci\u00f3n Kit Digital<\/h2>\n<p>El Programa Kit Digital es una iniciativa impulsada por el Gobierno de Espa\u00f1a y cofinanciada por la UE, cuyo principal objetivo es financiar la implementaci\u00f3n de soluciones digitales para PyMES que deseen alcanzar su madurez digital. Estas ayudas son a fondo perdido, y no tendr\u00e1s que adelantar el dinero antes de la concesi\u00f3n de la ayuda. Adem\u00e1s nos encargamos de la tramitaci\u00f3n.<\/p>\n<p>Si en alg\u00fan momento necesitas ayuda con el proceso, envianos un correo electr\u00f3nico a info@valensaconsulting.com.<\/p>\n\n<div class=\"wpcf7 no-js\" id=\"wpcf7-f6421-o1\" lang=\"es-ES\" dir=\"ltr\" data-wpcf7-id=\"6421\">\n<div class=\"screen-reader-response\"><p role=\"status\" aria-live=\"polite\" aria-atomic=\"true\"><\/p> <ul><\/ul><\/div>\n<form action=\"\/en\/wp-json\/wp\/v2\/pages\/6718#wpcf7-f6421-o1\" method=\"post\" class=\"wpcf7-form init\" aria-label=\"Formulario de contacto\" enctype=\"multipart\/form-data\" novalidate=\"novalidate\" data-status=\"init\" data-trp-original-action=\"\/en\/wp-json\/wp\/v2\/pages\/6718#wpcf7-f6421-o1\">\n<div style=\"display: none;\">\n<input type=\"hidden\" name=\"_wpcf7\" value=\"6421\" \/>\n<input type=\"hidden\" name=\"_wpcf7_version\" value=\"6.0.6\" \/>\n<input type=\"hidden\" name=\"_wpcf7_locale\" value=\"es_ES\" \/>\n<input type=\"hidden\" name=\"_wpcf7_unit_tag\" value=\"wpcf7-f6421-o1\" \/>\n<input type=\"hidden\" name=\"_wpcf7_container_post\" value=\"0\" \/>\n<input type=\"hidden\" name=\"_wpcf7_posted_data_hash\" value=\"\" \/>\n<\/div>\n<h3>Datos Empresa\n<\/h3>\n<p>Nombre Empresa<br \/>\n<span class=\"wpcf7-form-control-wrap\" data-name=\"empresa\"><input size=\"40\" maxlength=\"400\" class=\"wpcf7-form-control wpcf7-text wpcf7-validates-as-required\" aria-required=\"true\" aria-invalid=\"false\" value=\"\" type=\"text\" name=\"empresa\" \/><\/span><br \/>\nEmail persona autorizada<br \/>\n<span class=\"wpcf7-form-control-wrap\" data-name=\"email\"><input size=\"40\" maxlength=\"400\" class=\"wpcf7-form-control wpcf7-email wpcf7-validates-as-required wpcf7-text wpcf7-validates-as-email\" aria-required=\"true\" aria-invalid=\"false\" value=\"\" type=\"email\" name=\"email\" \/><\/span>\n<\/p>\n<h3>1) Identificaci\u00f3n de segmento\n<\/h3>\n<p><span class=\"wpcf7-form-control-wrap\" data-name=\"segmento\"><span class=\"wpcf7-form-control wpcf7-radio\"><span class=\"wpcf7-list-item first\"><input type=\"radio\" name=\"segmento\" value=\"I - PYME de 10 hasta 49 empleados\" \/><span class=\"wpcf7-list-item-label\">I - PYME de 10 hasta 49 empleados<\/span><\/span><span class=\"wpcf7-list-item\"><input type=\"radio\" name=\"segmento\" value=\"II - MICROPYME de 3 hasta 9 empleados\" \/><span class=\"wpcf7-list-item-label\">II - MICROPYME de 3 hasta 9 empleados<\/span><\/span><span class=\"wpcf7-list-item last\"><input type=\"radio\" name=\"segmento\" value=\"III - Aut\u00f3nomo o MICROPYME de 0 a 2 empleados\" \/><span class=\"wpcf7-list-item-label\">III - Aut\u00f3nomo o MICROPYME de 0 a 2 empleados<\/span><\/span><\/span><\/span>\n<\/p>\n<h3>2) Autorizaci\u00f3n como Representante Voluntario\n<\/h3>\n<p>Necesitamos que nos autorices como Representante Voluntario del Kit Digital a fin de que podamos tramitar tu solicitud del bono. Firma y env\u00edanos cumplimentado el documento de Representante Voluntario. Ten en cuenta que el nombre del Agente Digitalizador no es Dirk Consulting S.L. sino Tucho Consulting for Change S.L.\n<\/p>\n<h5>1. Descarga el documento de Representante Voluntario en el siguiente enlace:\n<\/h5>\n<p><a href=\"https:\/\/drive.tuchoconsultoria.com\/external\/8e92e9f5776914f7af5ed1c1f99b3629561829c7a07f92d729c205f234dc4fd5\" target=\"_blank\"><span style=\"color: #ff0000;\">Descargue el documento PDF pinchando aqu\u00ed<\/span><\/a>\n<\/p>\n<h5>2. Rellena y firma el documento de Representante Voluntario\n<\/h5>\n<p>A continuaci\u00f3n, rellena los datos de la persona responsable y f\u00edrmalo digitalmente.<br \/>\n<a href=\"https:\/\/valensaconsulting.com\/en\/base-de-conocimiento\/como-firmar-un-archivo-pdf-con-un-certificado-digital.pdf\/\" target=\"_blank\"><span style=\"color: #ff0000;\">Aqu\u00ed encontrar\u00e1s un tutorial para firmar digitalmente un PDF<\/span><\/a>\n<\/p>\n<h5>3. Adjunta el documento de Representante Voluntario firmado digitalmente.\n<\/h5>\n<p><span class=\"wpcf7-form-control-wrap\" data-name=\"autorizacion\"><input size=\"40\" class=\"wpcf7-form-control wpcf7-file\" accept=\".pdf\" aria-invalid=\"false\" type=\"file\" name=\"autorizacion\" \/><\/span>\n<\/p>\n<h3>3) Informaci\u00f3n necesaria\n<\/h3>\n<p>A continuaci\u00f3n necesitamos conocer los siguientes datos.\n<\/p>\n<h5>Trabajador Aut\u00f3nomo Societario\n<\/h5>\n<p>Si la entidad solicitante tiene aut\u00f3nomos societarios que trabajen en la entidad indica el n\u00famero.<br \/>\n<span class=\"wpcf7-form-control-wrap\" data-name=\"societarios\"><input class=\"wpcf7-form-control wpcf7-number wpcf7-validates-as-required wpcf7-validates-as-number\" aria-required=\"true\" aria-invalid=\"false\" value=\"0\" type=\"number\" name=\"societarios\" \/><\/span>\n<\/p>\n<h5>Ep\u00edgrafe actividad IAE PYME \/ persona en autoempleo\n<\/h5>\n<p>C\u00f3digo ep\u00edgrafe de actividad IAE <span style=\"color: #ff0000;\">*<\/span><br \/>\n<span class=\"wpcf7-form-control-wrap\" data-name=\"epigrafe\"><input class=\"wpcf7-form-control wpcf7-number wpcf7-validates-as-required wpcf7-validates-as-number\" aria-required=\"true\" aria-invalid=\"false\" value=\"\" type=\"number\" name=\"epigrafe\" \/><\/span><br \/>\n<span class=\"explanation\">En caso de que la PYME o persona en autoempleo solicitante est\u00e9 dada de alta en m\u00e1s de un ep\u00edgrafe de actividad a efectos del IAE, aqu\u00ed deber\u00e1s indicar para cu\u00e1l de ellos solicitas la ayuda.<\/span>\n<\/p>\n<h5>Ayudas de minimis recibidas en el ejercicio en curso y los dos anteriores\n<\/h5>\n<p>Importe en euros de las ayudas de minimis recibidas <span style=\"color: #ff0000;\">*<\/span><br \/>\n<span class=\"wpcf7-form-control-wrap\" data-name=\"ayudas\"><input class=\"wpcf7-form-control wpcf7-number wpcf7-validates-as-required wpcf7-validates-as-number\" aria-required=\"true\" aria-invalid=\"false\" value=\"0\" type=\"number\" name=\"ayudas\" \/><\/span><br \/>\n<span class=\"explanation\">Deber\u00e1s indicar la suma de la totalidad de ayudas de minimis recibidas durante el ejercicio en curso y los dos anteriores independientemente de la actividad para que las hayas recibido.<\/span>\n<\/p>\n<h3>4) Confirmaci\u00f3n y env\u00edo\n<\/h3>\n<p>Por \u00faltimo, a modo de confirmaci\u00f3n, acepte los t\u00e9rminos y condiciones y plasme su firma.<br \/>\n<span class=\"explanation\">DIRK CONSULTING SL como encargado del tratamiento de datos, as\u00ed como todas las personas que intervengan en cualquier fase de este estar\u00e1n sujetas al deber de confidencialidad, seg\u00fan el art\u00edculo 5 Ley Org\u00e1nica 3\/2018, de 5 de diciembre, de Protecci\u00f3n de Datos Personales y garant\u00eda de los derechos digitales.<br \/>\nAs\u00ed mismo queremos informarle que sus datos personales ser\u00e1n tratados de tal manera que se garantice una seguridad adecuada de los datos personales, incluida la protecci\u00f3n contra el tratamiento no autorizado o il\u00edcito y contra su perdida destrucci\u00f3n o da\u00f1o accidental, mediante la aplicaci\u00f3n de medidas t\u00e9cnicas u organizativas apropiadas seg\u00fan el art\u00edculo 5.1.f) del Reglamento (UE) 2016\/679.<br \/>\nUsted, como titular de los datos a los que hemos tenido acceso, podr\u00e1 ejercitar gratuitamente los derechos contemplados por la legislaci\u00f3n vigente, dirigi\u00e9ndose a DIRK CONSULTING SL, en el e-mail info@valensaconsulting.com<\/span><br \/>\n<span class=\"wpcf7-form-control-wrap\" data-name=\"acceptance-767\"><span class=\"wpcf7-form-control wpcf7-acceptance\"><span class=\"wpcf7-list-item\"><input type=\"checkbox\" name=\"acceptance-767\" value=\"1\" aria-invalid=\"false\" \/><\/span><\/span><\/span> Acepto los t\u00e9rminos y condiciones <span style=\"color: #ff0000;\">*<\/span>\n<\/p>\n<p>Firma en la caja <span style=\"color: #ff0000;\">*<\/span>\n<\/p>\n<p><div class=\"wpcf7-form-control-signature-global-wrap wpcf7-form-control-wrap\" data-field-id=\"Signature\">\n\t\t\t\t<div class=\"wpcf7-form-control-signature-wrap\" style=\"width:444px;height:222px;\">\n\t\t\t\t\t<div class=\"wpcf7-form-control-signature-body\">\n\t\t\t\t\t\t<canvas class=\"Signature\"><\/canvas>\n\t\t\t\t\t<\/div>\n\t\t\t\t<\/div>\n\t\t\t\t<div class=\"wpcf7-form-control-clear-wrap\">\n\t\t\t\t\t<input id=\"wpcf7_Signature_clear\" type=\"button\" value=\"Restablecer\"\/>\n\t\t\t\t<\/div>\n\t\t\t<\/div>\n\t\t\t<span class=\"wpcf7-form-control-wrap wpcf7-form-control-signature-input-wrap Signature\">\n\t\t\t\t  <input aria-required=\"true\" aria-invalid=\"false\" value=\"\" type=\"hidden\" name=\"Signature\" id=\"wpcf7_input_Signature\" class=\"wpcf7-form-control wpcf7-signature\" \/><input type=\"hidden\" name=\"Signature-attachment\" id=\"wpcf7_input_Signature_attachment\" class=\"wpcf7-form-control wpcf7-signature\" \/><input type=\"hidden\" name=\"Signature-inline\" id=\"wpcf7_input_Signature_inline\" class=\"wpcf7-form-control wpcf7-signature\" \/>\n\t\t\t\t\n\t\t\t<\/span>\n\t\t\t\n<\/p>\n<p><input class=\"wpcf7-form-control wpcf7-submit has-spinner button\" id=\"form-submit\" type=\"submit\" value=\"Enviar\" \/>\n<\/p><div class=\"wpcf7-response-output\" aria-hidden=\"true\"><\/div>\n<input type=\"hidden\" name=\"trp-form-language\" value=\"en\"\/><\/form>\n<\/div>\n\n<p>[\/et_pb_text][et_pb_text admin_label=\u00bbTitle\u00bb _builder_version=\u00bb4.17.4&#8243; _module_preset=\u00bbdefault\u00bb text_font=\u00bbPoppins||||||||\u00bb text_font_size=\u00bb16px\u00bb text_line_height=\u00bb1.8em\u00bb ul_font=\u00bb||||||||\u00bb ol_font=\u00bb||||||||\u00bb header_font=\u00bb||||||||\u00bb header_2_font=\u00bbPoppins|600|||||||\u00bb header_2_font_size=\u00bb36px\u00bb header_2_line_height=\u00bb1.4em\u00bb max_width=\u00bb800px\u00bb module_alignment=\u00bbcenter\u00bb animation_style=\u00bbfade\u00bb animation_direction=\u00bbbottom\u00bb animation_starting_opacity=\u00bb100%\u00bb hover_enabled=\u00bb0&#8243; global_colors_info=\u00bb{}\u00bb sticky_enabled=\u00bb0&#8243;]<\/p>\n<p><strong>Nota importante: Para que te concedan el bono digital es necesario que te registres y completes el test de autodiagn\u00f3stico digital en la web del Kit Digital:<\/strong><\/p>\n<p><a href=\"https:\/\/www.acelerapyme.gob.es\/quieres-conocer-el-grado-de-digitalizacion-de-tu-pyme\" target=\"_blank\" rel=\"noopener\">https:\/\/www.acelerapyme.gob.es\/quieres-conocer-el-grado-de-digitalizacion-de-tu-pyme<\/a><\/p>\n<p>[\/et_pb_text][\/et_pb_column][\/et_pb_row][\/et_pb_section]<\/p>","protected":false},"excerpt":{"rendered":"<p>Registro para Subvenci\u00f3n Kit Digital El Programa Kit Digital es una iniciativa impulsada por el Gobierno de Espa\u00f1a y cofinanciada por la UE, cuyo principal objetivo es financiar la implementaci\u00f3n de soluciones digitales para PyMES que deseen alcanzar su madurez digital. Estas ayudas son a fondo perdido, y no tendr\u00e1s que adelantar el dinero antes [&hellip;]<\/p>","protected":false},"author":1,"featured_media":0,"parent":0,"menu_order":0,"comment_status":"closed","ping_status":"closed","template":"","meta":{"_et_pb_use_builder":"on","_et_pb_old_content":"","_et_gb_content_width":"","footnotes":""},"class_list":["post-6718","page","type-page","status-publish","hentry"],"yoast_head":"<!-- This site is optimized with the Yoast SEO plugin v25.2 - https:\/\/yoast.com\/wordpress\/plugins\/seo\/ -->\n<title>Registro Kit Digital - Valensa Consulting<\/title>\n<meta name=\"robots\" content=\"index, follow, max-snippet:-1, max-image-preview:large, max-video-preview:-1\" \/>\n<link rel=\"canonical\" href=\"https:\/\/valensaconsulting.com\/en\/registro-kit-digital\/\" \/>\n<meta property=\"og:locale\" content=\"en_US\" \/>\n<meta property=\"og:type\" content=\"article\" \/>\n<meta property=\"og:title\" content=\"Registro Kit Digital - Valensa Consulting\" \/>\n<meta property=\"og:description\" content=\"Registro para Subvenci\u00f3n Kit Digital El Programa Kit Digital es una iniciativa impulsada por el Gobierno de Espa\u00f1a y cofinanciada por la UE, cuyo principal objetivo es financiar la implementaci\u00f3n de soluciones digitales para PyMES que deseen alcanzar su madurez digital. Estas ayudas son a fondo perdido, y no tendr\u00e1s que adelantar el dinero antes [&hellip;]\" \/>\n<meta property=\"og:url\" content=\"https:\/\/valensaconsulting.com\/en\/registro-kit-digital\/\" \/>\n<meta property=\"og:site_name\" content=\"Valensa Consulting\" \/>\n<meta property=\"article:modified_time\" content=\"2022-06-13T10:10:59+00:00\" \/>\n<meta property=\"og:image\" content=\"https:\/\/valensaconsulting.com\/wp-content\/uploads\/2022\/06\/Logo-digitalizadores-2048x238.png\" \/>\n\t<meta property=\"og:image:width\" content=\"2048\" \/>\n\t<meta property=\"og:image:height\" content=\"238\" \/>\n\t<meta property=\"og:image:type\" content=\"image\/png\" \/>\n<meta name=\"twitter:card\" content=\"summary_large_image\" \/>\n<meta name=\"twitter:label1\" content=\"Est. reading time\" \/>\n\t<meta name=\"twitter:data1\" content=\"2 minutes\" \/>\n<script type=\"application\/ld+json\" class=\"yoast-schema-graph\">{\"@context\":\"https:\/\/schema.org\",\"@graph\":[{\"@type\":\"WebPage\",\"@id\":\"https:\/\/valensaconsulting.com\/registro-kit-digital\/\",\"url\":\"https:\/\/valensaconsulting.com\/registro-kit-digital\/\",\"name\":\"Registro Kit Digital - Valensa Consulting\",\"isPartOf\":{\"@id\":\"https:\/\/valensaconsulting.com\/#website\"},\"primaryImageOfPage\":{\"@id\":\"https:\/\/valensaconsulting.com\/registro-kit-digital\/#primaryimage\"},\"image\":{\"@id\":\"https:\/\/valensaconsulting.com\/registro-kit-digital\/#primaryimage\"},\"thumbnailUrl\":\"https:\/\/valensaconsulting.com\/wp-content\/uploads\/2022\/06\/Logo-digitalizadores-2048x238.png\",\"datePublished\":\"2022-06-10T11:29:16+00:00\",\"dateModified\":\"2022-06-13T10:10:59+00:00\",\"breadcrumb\":{\"@id\":\"https:\/\/valensaconsulting.com\/registro-kit-digital\/#breadcrumb\"},\"inLanguage\":\"en-US\",\"potentialAction\":[{\"@type\":\"ReadAction\",\"target\":[\"https:\/\/valensaconsulting.com\/registro-kit-digital\/\"]}]},{\"@type\":\"ImageObject\",\"inLanguage\":\"en-US\",\"@id\":\"https:\/\/valensaconsulting.com\/registro-kit-digital\/#primaryimage\",\"url\":\"https:\/\/valensaconsulting.com\/wp-content\/uploads\/2022\/06\/Logo-digitalizadores-2048x238.png\",\"contentUrl\":\"https:\/\/valensaconsulting.com\/wp-content\/uploads\/2022\/06\/Logo-digitalizadores-2048x238.png\"},{\"@type\":\"BreadcrumbList\",\"@id\":\"https:\/\/valensaconsulting.com\/registro-kit-digital\/#breadcrumb\",\"itemListElement\":[{\"@type\":\"ListItem\",\"position\":1,\"name\":\"Portada\",\"item\":\"https:\/\/valensaconsulting.com\/\"},{\"@type\":\"ListItem\",\"position\":2,\"name\":\"Registro Kit Digital\"}]},{\"@type\":\"WebSite\",\"@id\":\"https:\/\/valensaconsulting.com\/#website\",\"url\":\"https:\/\/valensaconsulting.com\/\",\"name\":\"Valensa Consulting\",\"description\":\"Consultor\u00eda web: 20 a\u00f1os de experiencia\",\"potentialAction\":[{\"@type\":\"SearchAction\",\"target\":{\"@type\":\"EntryPoint\",\"urlTemplate\":\"https:\/\/valensaconsulting.com\/?s={search_term_string}\"},\"query-input\":{\"@type\":\"PropertyValueSpecification\",\"valueRequired\":true,\"valueName\":\"search_term_string\"}}],\"inLanguage\":\"en-US\"}]}<\/script>\n<!-- \/ Yoast SEO plugin. -->","yoast_head_json":{"title":"Registro Kit Digital - Valensa Consulting","robots":{"index":"index","follow":"follow","max-snippet":"max-snippet:-1","max-image-preview":"max-image-preview:large","max-video-preview":"max-video-preview:-1"},"canonical":"https:\/\/valensaconsulting.com\/en\/registro-kit-digital\/","og_locale":"en_US","og_type":"article","og_title":"Registro Kit Digital - Valensa Consulting","og_description":"Registro para Subvenci\u00f3n Kit Digital El Programa Kit Digital es una iniciativa impulsada por el Gobierno de Espa\u00f1a y cofinanciada por la UE, cuyo principal objetivo es financiar la implementaci\u00f3n de soluciones digitales para PyMES que deseen alcanzar su madurez digital. Estas ayudas son a fondo perdido, y no tendr\u00e1s que adelantar el dinero antes [&hellip;]","og_url":"https:\/\/valensaconsulting.com\/en\/registro-kit-digital\/","og_site_name":"Valensa Consulting","article_modified_time":"2022-06-13T10:10:59+00:00","og_image":[{"width":2048,"height":238,"url":"https:\/\/valensaconsulting.com\/wp-content\/uploads\/2022\/06\/Logo-digitalizadores-2048x238.png","type":"image\/png"}],"twitter_card":"summary_large_image","twitter_misc":{"Est. reading time":"2 minutes"},"schema":{"@context":"https:\/\/schema.org","@graph":[{"@type":"WebPage","@id":"https:\/\/valensaconsulting.com\/registro-kit-digital\/","url":"https:\/\/valensaconsulting.com\/registro-kit-digital\/","name":"Registro Kit Digital - Valensa Consulting","isPartOf":{"@id":"https:\/\/valensaconsulting.com\/#website"},"primaryImageOfPage":{"@id":"https:\/\/valensaconsulting.com\/registro-kit-digital\/#primaryimage"},"image":{"@id":"https:\/\/valensaconsulting.com\/registro-kit-digital\/#primaryimage"},"thumbnailUrl":"https:\/\/valensaconsulting.com\/wp-content\/uploads\/2022\/06\/Logo-digitalizadores-2048x238.png","datePublished":"2022-06-10T11:29:16+00:00","dateModified":"2022-06-13T10:10:59+00:00","breadcrumb":{"@id":"https:\/\/valensaconsulting.com\/registro-kit-digital\/#breadcrumb"},"inLanguage":"en-US","potentialAction":[{"@type":"ReadAction","target":["https:\/\/valensaconsulting.com\/registro-kit-digital\/"]}]},{"@type":"ImageObject","inLanguage":"en-US","@id":"https:\/\/valensaconsulting.com\/registro-kit-digital\/#primaryimage","url":"https:\/\/valensaconsulting.com\/wp-content\/uploads\/2022\/06\/Logo-digitalizadores-2048x238.png","contentUrl":"https:\/\/valensaconsulting.com\/wp-content\/uploads\/2022\/06\/Logo-digitalizadores-2048x238.png"},{"@type":"BreadcrumbList","@id":"https:\/\/valensaconsulting.com\/registro-kit-digital\/#breadcrumb","itemListElement":[{"@type":"ListItem","position":1,"name":"Portada","item":"https:\/\/valensaconsulting.com\/"},{"@type":"ListItem","position":2,"name":"Registro Kit Digital"}]},{"@type":"WebSite","@id":"https:\/\/valensaconsulting.com\/#website","url":"https:\/\/valensaconsulting.com\/","name":"Valensa Consulting","description":"Consultor\u00eda web: 20 a\u00f1os de experiencia","potentialAction":[{"@type":"SearchAction","target":{"@type":"EntryPoint","urlTemplate":"https:\/\/valensaconsulting.com\/?s={search_term_string}"},"query-input":{"@type":"PropertyValueSpecification","valueRequired":true,"valueName":"search_term_string"}}],"inLanguage":"en-US"}]}},"_links":{"self":[{"href":"https:\/\/valensaconsulting.com\/en\/wp-json\/wp\/v2\/pages\/6718","targetHints":{"allow":["GET"]}}],"collection":[{"href":"https:\/\/valensaconsulting.com\/en\/wp-json\/wp\/v2\/pages"}],"about":[{"href":"https:\/\/valensaconsulting.com\/en\/wp-json\/wp\/v2\/types\/page"}],"author":[{"embeddable":true,"href":"https:\/\/valensaconsulting.com\/en\/wp-json\/wp\/v2\/users\/1"}],"replies":[{"embeddable":true,"href":"https:\/\/valensaconsulting.com\/en\/wp-json\/wp\/v2\/comments?post=6718"}],"version-history":[{"count":8,"href":"https:\/\/valensaconsulting.com\/en\/wp-json\/wp\/v2\/pages\/6718\/revisions"}],"predecessor-version":[{"id":6831,"href":"https:\/\/valensaconsulting.com\/en\/wp-json\/wp\/v2\/pages\/6718\/revisions\/6831"}],"wp:attachment":[{"href":"https:\/\/valensaconsulting.com\/en\/wp-json\/wp\/v2\/media?parent=6718"}],"curies":[{"name":"wp","href":"https:\/\/api.w.org\/{rel}","templated":true}]}}