{"id":3196,"date":"2013-06-29T16:57:02","date_gmt":"2013-06-29T16:57:02","guid":{"rendered":"http:\/\/localhost:8888\/jupiter\/?page_id=3196"},"modified":"2022-06-10T10:38:32","modified_gmt":"2022-06-10T10:38:32","slug":"apps","status":"publish","type":"page","link":"https:\/\/valensaconsulting.com\/en\/apps\/","title":{"rendered":"Apps"},"content":{"rendered":"<p>[et_pb_section fb_built=\u00bb1&#8243; _builder_version=\u00bb4.17.4&#8243; _module_preset=\u00bbdefault\u00bb background_color=\u00bb#000000&#8243; use_background_color_gradient=\u00bbon\u00bb background_color_gradient_direction=\u00bb120deg\u00bb background_color_gradient_stops=\u00bb#6b73ff 0%|#000dff 100%\u00bb background_image=\u00bbhttps:\/\/valensaconsulting.com\/wp-content\/uploads\/2022\/06\/section-bg-hero2.png\u00bb custom_margin=\u00bb||||false|false\u00bb custom_padding=\u00bb100px||100px||false|false\u00bb global_colors_info=\u00bb{}\u00bb][et_pb_row _builder_version=\u00bb4.17.4&#8243; _module_preset=\u00bbdefault\u00bb global_colors_info=\u00bb{}\u00bb][et_pb_column type=\u00bb4_4&#8243; _builder_version=\u00bb4.17.4&#8243; _module_preset=\u00bbdefault\u00bb global_colors_info=\u00bb{}\u00bb][et_pb_text admin_label=\u00bbTitle\u00bb _builder_version=\u00bb4.17.4&#8243; _module_preset=\u00bbdefault\u00bb text_font=\u00bbPoppins||||||||\u00bb text_font_size=\u00bb18px\u00bb text_line_height=\u00bb1.8em\u00bb header_font=\u00bbPoppins|600|||||||\u00bb header_font_size=\u00bb48px\u00bb header_line_height=\u00bb1.4em\u00bb header_2_font=\u00bb||||||||\u00bb text_orientation=\u00bbcenter\u00bb background_layout=\u00bbdark\u00bb max_width=\u00bb700px\u00bb module_alignment=\u00bbcenter\u00bb custom_margin=\u00bb|||\u00bb animation_style=\u00bbfade\u00bb global_colors_info=\u00bb{}\u00bb]<\/p>\n<h1>Apps<\/h1>\n<p>Adapt to the new times and have your own app!<\/p>\n<p>[\/et_pb_text][\/et_pb_column][\/et_pb_row][\/et_pb_section][et_pb_section fb_built=\u00bb1&#8243; admin_label=\u00bbYearly Report Section\u00bb _builder_version=\u00bb4.16&#8243; _module_preset=\u00bbdefault\u00bb custom_margin=\u00bb|||\u00bb custom_padding=\u00bb90px||90px|\u00bb global_colors_info=\u00bb{}\u00bb][et_pb_row column_structure=\u00bb1_2,1_2&#8243; use_custom_gutter=\u00bbon\u00bb gutter_width=\u00bb1&#8243; admin_label=\u00bbYearly Report Area\u00bb module_class=\u00bb et_pb_row_fullwidth\u00bb _builder_version=\u00bb4.16&#8243; _module_preset=\u00bbdefault\u00bb width=\u00bb100%\u00bb width_tablet=\u00bb100%\u00bb width_phone=\u00bb100%\u00bb width_last_edited=\u00bbon|desktop\u00bb max_width=\u00bb100%\u00bb max_width_tablet=\u00bb100%\u00bb max_width_phone=\u00bb100%\u00bb max_width_last_edited=\u00bbon|desktop\u00bb custom_padding=\u00bb|||\u00bb make_fullwidth=\u00bbon\u00bb global_colors_info=\u00bb{}\u00bb][et_pb_column type=\u00bb1_2&#8243; _builder_version=\u00bb4.16&#8243; _module_preset=\u00bbdefault\u00bb custom_padding=\u00bb|||\u00bb global_colors_info=\u00bb{}\u00bb custom_padding__hover=\u00bb|||\u00bb][et_pb_image src=\u00bbhttps:\/\/valensaconsulting.com\/wp-content\/uploads\/2022\/06\/app.png\u00bb title_text=\u00bbapp\u00bb force_fullwidth=\u00bbon\u00bb align_tablet=\u00bbcenter\u00bb align_phone=\u00bbcenter\u00bb align_last_edited=\u00bbon|desktop\u00bb _builder_version=\u00bb4.17.4&#8243; _module_preset=\u00bbdefault\u00bb animation_style=\u00bbfade\u00bb hover_enabled=\u00bb0&#8243; global_colors_info=\u00bb{}\u00bb sticky_enabled=\u00bb0&#8243;][\/et_pb_image][\/et_pb_column][et_pb_column type=\u00bb1_2&#8243; _builder_version=\u00bb4.16&#8243; _module_preset=\u00bbdefault\u00bb custom_padding=\u00bb180px|12%|180px|8%\u00bb global_colors_info=\u00bb{}\u00bb custom_padding__hover=\u00bb|||\u00bb][et_pb_cta title=\u00bbApp nativas\/h\u00edbridas\u00bb button_url=\u00bb#\u00bb admin_label=\u00bbLast Year Report Text\u00bb _builder_version=\u00bb4.17.4&#8243; _module_preset=\u00bbdefault\u00bb header_font=\u00bbPoppins|600|||||||\u00bb header_font_size=\u00bb36px\u00bb header_line_height=\u00bb1.4em\u00bb body_font=\u00bbPoppins||||||||\u00bb body_font_size=\u00bb16px\u00bb body_line_height=\u00bb1.8em\u00bb use_background_color=\u00bboff\u00bb custom_button=\u00bbon\u00bb button_text_size=\u00bb14px\u00bb button_text_color=\u00bb#ffffff\u00bb button_bg_color=\u00bb#8b20bb\u00bb button_border_width=\u00bb12px\u00bb button_border_color=\u00bb#8b20bb\u00bb button_letter_spacing=\u00bb2px\u00bb button_font=\u00bbPoppins|600||on|||||\u00bb button_icon=\u00bb&#x24;||divi||400&#8243; text_orientation=\u00bbleft\u00bb background_layout=\u00bblight\u00bb max_width=\u00bb550px\u00bb animation_style=\u00bbslide\u00bb animation_direction=\u00bbright\u00bb animation_intensity_slide=\u00bb10%\u00bb animation_starting_opacity=\u00bb100%\u00bb global_colors_info=\u00bb{}\u00bb button_text_size__hover_enabled=\u00bboff\u00bb button_one_text_size__hover_enabled=\u00bboff\u00bb button_two_text_size__hover_enabled=\u00bboff\u00bb button_text_color__hover_enabled=\u00bboff\u00bb button_one_text_color__hover_enabled=\u00bboff\u00bb button_two_text_color__hover_enabled=\u00bboff\u00bb button_border_width__hover_enabled=\u00bboff\u00bb button_one_border_width__hover_enabled=\u00bboff\u00bb button_two_border_width__hover_enabled=\u00bboff\u00bb button_border_color__hover_enabled=\u00bboff\u00bb button_one_border_color__hover_enabled=\u00bboff\u00bb button_two_border_color__hover_enabled=\u00bboff\u00bb button_border_radius__hover_enabled=\u00bboff\u00bb button_one_border_radius__hover_enabled=\u00bboff\u00bb button_two_border_radius__hover_enabled=\u00bboff\u00bb button_letter_spacing__hover_enabled=\u00bboff\u00bb button_one_letter_spacing__hover_enabled=\u00bboff\u00bb button_two_letter_spacing__hover_enabled=\u00bboff\u00bb button_bg_color__hover_enabled=\u00bboff\u00bb button_one_bg_color__hover_enabled=\u00bboff\u00bb button_two_bg_color__hover_enabled=\u00bboff\u00bb]Cada d\u00eda se utilizan m\u00e1s los m\u00f3viles para estar en contacto con la informaci\u00f3n que nos parece \u00fatil. Son m\u00e1s los clientes que est\u00e1n optando por desarrollar apps m\u00f3viles para poder mandar notificaciones a los clientes y poder tenerles informados de la manera m\u00e1s c\u00f3moda.[\/et_pb_cta][\/et_pb_column][\/et_pb_row][\/et_pb_section][et_pb_section fb_built=\u00bb1&#8243; admin_label=\u00bbProject Details Section\u00bb _builder_version=\u00bb4.16&#8243; _module_preset=\u00bbdefault\u00bb background_image=\u00bbhttps:\/\/valensaconsulting.com\/wp-content\/uploads\/2022\/06\/section-bg-graph.png\u00bb background_size=\u00bbcontain\u00bb background_position=\u00bbbottom_center\u00bb custom_padding=\u00bb90px||90px|\u00bb global_colors_info=\u00bb{}\u00bb][et_pb_row admin_label=\u00bbProject Summary\u00bb _builder_version=\u00bb4.16&#8243; _module_preset=\u00bbdefault\u00bb custom_padding=\u00bb|||\u00bb global_colors_info=\u00bb{}\u00bb][et_pb_column type=\u00bb4_4&#8243; _builder_version=\u00bb4.16&#8243; _module_preset=\u00bbdefault\u00bb custom_padding=\u00bb|||\u00bb global_colors_info=\u00bb{}\u00bb custom_padding__hover=\u00bb|||\u00bb][et_pb_text admin_label=\u00bbTitle\u00bb _builder_version=\u00bb4.17.4&#8243; _module_preset=\u00bbdefault\u00bb text_font=\u00bbPoppins||||||||\u00bb text_font_size=\u00bb16px\u00bb text_line_height=\u00bb1.8em\u00bb ul_font=\u00bb||||||||\u00bb ol_font=\u00bb||||||||\u00bb header_font=\u00bb||||||||\u00bb header_2_font=\u00bbPoppins|600|||||||\u00bb header_2_font_size=\u00bb36px\u00bb header_2_line_height=\u00bb1.4em\u00bb max_width=\u00bb800px\u00bb animation_style=\u00bbfold\u00bb animation_direction=\u00bbbottom\u00bb animation_intensity_fold=\u00bb10%\u00bb animation_starting_opacity=\u00bb100%\u00bb global_colors_info=\u00bb{}\u00bb]<\/p>\n<h2>Characteristics<\/h2>\n<p><strong>Download Marketing<\/strong><br \/>We work with pioneering companies in the positioning of mobile apps in the App Store and Android Market.<br \/><strong>Self-management<\/strong><br \/>We provide you with a management panel so that you always have your app updated.<br \/><strong>Increase your sales<\/strong><br \/>We provide you with the latest technology to help you increase sales and attract new customers.<\/p>\n<p>[\/et_pb_text][\/et_pb_column][\/et_pb_row][\/et_pb_section]<\/p>","protected":false},"excerpt":{"rendered":"<p>Apps \u00a1Ad\u00e1ptate a los nuevos tiempos y ten tu propia app!Cada d\u00eda se utilizan m\u00e1s los m\u00f3viles para estar en contacto con la informaci\u00f3n que nos parece \u00fatil. Son m\u00e1s los clientes que est\u00e1n optando por desarrollar apps m\u00f3viles para poder mandar notificaciones a los clientes y poder tenerles informados de la manera m\u00e1s c\u00f3moda.Caracter\u00edsticas [&hellip;]<\/p>","protected":false},"author":1,"featured_media":0,"parent":0,"menu_order":0,"comment_status":"open","ping_status":"closed","template":"","meta":{"_et_pb_use_builder":"on","_et_pb_old_content":"[mk_page_section attachment=\"scroll\" bg_position=\"center top\" bg_repeat=\"repeat\" bg_stretch=\"true\" enable_3d=\"true\" speed_factor=\"0\" bg_video=\"no\" video_mask=\"false\" video_opacity=\"0.6\" top_shadow=\"false\" section_layout=\"full\" min_height=\"100\" full_height=\"false\" padding_top=\"10\" padding_bottom=\"10\" margin_bottom=\"0\" first_page=\"false\" last_page=\"false\"][vc_column width=\"1\/1\"][vc_column_text disable_pattern=\"true\" align=\"left\" margin_bottom=\"0\"][mk_fancy_title tag_name=\"h1\" style=\"false\" color=\"#222222\" size=\"28\" font_weight=\"300\" margin_top=\"0\" margin_bottom=\"30\" font_family=\"none\" align=\"left\" width=\"1\/1\" el_position=\"first last\"]\r\n\r\n\u00a1Ad\u00e1ptate a los nuevos tiempos y ten\u00a0tu propia app!\r\n\r\n[\/mk_fancy_title]\r\n\r\nCada d\u00eda se utilizan m\u00e1s los m\u00f3viles para estar en contacto con la informaci\u00f3n que nos parece \u00fatil. Son m\u00e1s los clientes que est\u00e1n optando por desarrollar apps m\u00f3viles para poder mandar notificaciones a los clientes, y poder tenerles informados de la manera m\u00e1s c\u00f3moda.[\/vc_column_text][mk_image src=\"http:\/\/valensaconsulting.com\/wp-content\/uploads\/2013\/06\/ios.jpg\" image_width=\"981\" image_height=\"518\" crop=\"true\" lightbox=\"false\" frame_style=\"simple\" target=\"_self\" caption_location=\"inside-image\" align=\"right\" margin_bottom=\"10\" animation=\"right-to-left\"][\/vc_column][\/mk_page_section][vc_row][vc_column width=\"1\/1\"][mk_padding_divider size=\"30\" width=\"1\/1\" el_position=\"first last\"][\/vc_column][\/vc_row][vc_row][vc_column][vc_column_text]\r\n[\/vc_column_text][\/vc_column][\/vc_row][vc_row][vc_column width=\"1\/3\"][mk_icon_box title=\"Marketing de Descarga\" text_size=\"16\" font_weight=\"inherit\" icon=\"moon-upload\" style=\"simple_ultimate\" icon_size=\"large\" icon_location=\"top\" circled=\"false\" icon_color=\"#2a71a3\" icon_circle_color=\"#0bb697\" box_blur=\"false\" margin=\"30\" animation=\"scale-up\" width=\"1\/1\" el_position=\"first\" rounded_circle=\"false\"]Trabajamos con empresas pioneras en el posicionamiento de las apps m\u00f3viles en App Store y Android Market.[\/mk_icon_box][\/vc_column][vc_column width=\"1\/3\"][mk_icon_box title=\"Autogesti\u00f3n\" text_size=\"16\" font_weight=\"inherit\" icon=\"moon-cube-3\" style=\"simple_ultimate\" icon_size=\"large\" icon_location=\"top\" circled=\"false\" icon_color=\"#2a71a3\" icon_circle_color=\"#0bb697\" box_blur=\"false\" margin=\"30\" animation=\"scale-up\" width=\"1\/1\" rounded_circle=\"false\"]Ponemos a tu disposici\u00f3n un panel de gesti\u00f3n para que tengas tu app siempre actualizada.[\/mk_icon_box][\/vc_column][vc_column width=\"1\/3\"][mk_icon_box title=\"Aumento de tus ventas\" text_size=\"16\" font_weight=\"inherit\" icon=\"moon-stats-up\" style=\"simple_ultimate\" icon_size=\"large\" icon_location=\"top\" circled=\"false\" icon_color=\"#2a71a3\" icon_circle_color=\"#0bb697\" box_blur=\"false\" margin=\"30\" animation=\"scale-up\" width=\"1\/1\" el_position=\"last\" rounded_circle=\"false\"]Ponemos a tu disposici\u00f3n la tecnolog\u00eda m\u00e1s puntera para que consigas aumentar las ventas y atraer nuevos clientes.[\/mk_icon_box][\/vc_column][\/vc_row][vc_row][vc_column][vc_column_text]\r\n[\/vc_column_text][\/vc_column][\/vc_row]","_et_gb_content_width":"","footnotes":""},"class_list":["post-3196","page","type-page","status-publish","hentry"],"yoast_head":"<!-- This site is optimized with the Yoast SEO plugin v25.2 - https:\/\/yoast.com\/wordpress\/plugins\/seo\/ -->\n<title>Apps - Valensa Consulting<\/title>\n<meta name=\"robots\" content=\"index, follow, max-snippet:-1, max-image-preview:large, max-video-preview:-1\" \/>\n<link rel=\"canonical\" href=\"https:\/\/valensaconsulting.com\/en\/apps\/\" \/>\n<meta property=\"og:locale\" content=\"en_US\" \/>\n<meta property=\"og:type\" content=\"article\" \/>\n<meta property=\"og:title\" content=\"Apps - Valensa Consulting\" \/>\n<meta property=\"og:description\" content=\"Apps \u00a1Ad\u00e1ptate a los nuevos tiempos y ten tu propia app!Cada d\u00eda se utilizan m\u00e1s los m\u00f3viles para estar en contacto con la informaci\u00f3n que nos parece \u00fatil. Son m\u00e1s los clientes que est\u00e1n optando por desarrollar apps m\u00f3viles para poder mandar notificaciones a los clientes y poder tenerles informados de la manera m\u00e1s c\u00f3moda.Caracter\u00edsticas [&hellip;]\" \/>\n<meta property=\"og:url\" content=\"https:\/\/valensaconsulting.com\/en\/apps\/\" \/>\n<meta property=\"og:site_name\" content=\"Valensa Consulting\" \/>\n<meta property=\"article:modified_time\" content=\"2022-06-10T10:38:32+00:00\" \/>\n<meta name=\"twitter:card\" content=\"summary_large_image\" \/>\n<meta name=\"twitter:label1\" content=\"Est. reading time\" \/>\n\t<meta name=\"twitter:data1\" content=\"4 minutes\" \/>\n<script type=\"application\/ld+json\" class=\"yoast-schema-graph\">{\"@context\":\"https:\/\/schema.org\",\"@graph\":[{\"@type\":\"WebPage\",\"@id\":\"https:\/\/valensaconsulting.com\/apps\/\",\"url\":\"https:\/\/valensaconsulting.com\/apps\/\",\"name\":\"Apps - Valensa Consulting\",\"isPartOf\":{\"@id\":\"https:\/\/valensaconsulting.com\/#website\"},\"datePublished\":\"2013-06-29T16:57:02+00:00\",\"dateModified\":\"2022-06-10T10:38:32+00:00\",\"breadcrumb\":{\"@id\":\"https:\/\/valensaconsulting.com\/apps\/#breadcrumb\"},\"inLanguage\":\"en-US\",\"potentialAction\":[{\"@type\":\"ReadAction\",\"target\":[\"https:\/\/valensaconsulting.com\/apps\/\"]}]},{\"@type\":\"BreadcrumbList\",\"@id\":\"https:\/\/valensaconsulting.com\/apps\/#breadcrumb\",\"itemListElement\":[{\"@type\":\"ListItem\",\"position\":1,\"name\":\"Portada\",\"item\":\"https:\/\/valensaconsulting.com\/\"},{\"@type\":\"ListItem\",\"position\":2,\"name\":\"Apps\"}]},{\"@type\":\"WebSite\",\"@id\":\"https:\/\/valensaconsulting.com\/#website\",\"url\":\"https:\/\/valensaconsulting.com\/\",\"name\":\"Valensa Consulting\",\"description\":\"Consultor\u00eda web: 20 a\u00f1os de experiencia\",\"potentialAction\":[{\"@type\":\"SearchAction\",\"target\":{\"@type\":\"EntryPoint\",\"urlTemplate\":\"https:\/\/valensaconsulting.com\/?s={search_term_string}\"},\"query-input\":{\"@type\":\"PropertyValueSpecification\",\"valueRequired\":true,\"valueName\":\"search_term_string\"}}],\"inLanguage\":\"en-US\"}]}<\/script>\n<!-- \/ Yoast SEO plugin. -->","yoast_head_json":{"title":"Apps - Valensa Consulting","robots":{"index":"index","follow":"follow","max-snippet":"max-snippet:-1","max-image-preview":"max-image-preview:large","max-video-preview":"max-video-preview:-1"},"canonical":"https:\/\/valensaconsulting.com\/en\/apps\/","og_locale":"en_US","og_type":"article","og_title":"Apps - Valensa Consulting","og_description":"Apps \u00a1Ad\u00e1ptate a los nuevos tiempos y ten tu propia app!Cada d\u00eda se utilizan m\u00e1s los m\u00f3viles para estar en contacto con la informaci\u00f3n que nos parece \u00fatil. Son m\u00e1s los clientes que est\u00e1n optando por desarrollar apps m\u00f3viles para poder mandar notificaciones a los clientes y poder tenerles informados de la manera m\u00e1s c\u00f3moda.Caracter\u00edsticas [&hellip;]","og_url":"https:\/\/valensaconsulting.com\/en\/apps\/","og_site_name":"Valensa Consulting","article_modified_time":"2022-06-10T10:38:32+00:00","twitter_card":"summary_large_image","twitter_misc":{"Est. reading time":"4 minutes"},"schema":{"@context":"https:\/\/schema.org","@graph":[{"@type":"WebPage","@id":"https:\/\/valensaconsulting.com\/apps\/","url":"https:\/\/valensaconsulting.com\/apps\/","name":"Apps - Valensa Consulting","isPartOf":{"@id":"https:\/\/valensaconsulting.com\/#website"},"datePublished":"2013-06-29T16:57:02+00:00","dateModified":"2022-06-10T10:38:32+00:00","breadcrumb":{"@id":"https:\/\/valensaconsulting.com\/apps\/#breadcrumb"},"inLanguage":"en-US","potentialAction":[{"@type":"ReadAction","target":["https:\/\/valensaconsulting.com\/apps\/"]}]},{"@type":"BreadcrumbList","@id":"https:\/\/valensaconsulting.com\/apps\/#breadcrumb","itemListElement":[{"@type":"ListItem","position":1,"name":"Portada","item":"https:\/\/valensaconsulting.com\/"},{"@type":"ListItem","position":2,"name":"Apps"}]},{"@type":"WebSite","@id":"https:\/\/valensaconsulting.com\/#website","url":"https:\/\/valensaconsulting.com\/","name":"Valensa Consulting","description":"Consultor\u00eda web: 20 a\u00f1os de experiencia","potentialAction":[{"@type":"SearchAction","target":{"@type":"EntryPoint","urlTemplate":"https:\/\/valensaconsulting.com\/?s={search_term_string}"},"query-input":{"@type":"PropertyValueSpecification","valueRequired":true,"valueName":"search_term_string"}}],"inLanguage":"en-US"}]}},"_links":{"self":[{"href":"https:\/\/valensaconsulting.com\/en\/wp-json\/wp\/v2\/pages\/3196","targetHints":{"allow":["GET"]}}],"collection":[{"href":"https:\/\/valensaconsulting.com\/en\/wp-json\/wp\/v2\/pages"}],"about":[{"href":"https:\/\/valensaconsulting.com\/en\/wp-json\/wp\/v2\/types\/page"}],"author":[{"embeddable":true,"href":"https:\/\/valensaconsulting.com\/en\/wp-json\/wp\/v2\/users\/1"}],"replies":[{"embeddable":true,"href":"https:\/\/valensaconsulting.com\/en\/wp-json\/wp\/v2\/comments?post=3196"}],"version-history":[{"count":22,"href":"https:\/\/valensaconsulting.com\/en\/wp-json\/wp\/v2\/pages\/3196\/revisions"}],"predecessor-version":[{"id":6686,"href":"https:\/\/valensaconsulting.com\/en\/wp-json\/wp\/v2\/pages\/3196\/revisions\/6686"}],"wp:attachment":[{"href":"https:\/\/valensaconsulting.com\/en\/wp-json\/wp\/v2\/media?parent=3196"}],"curies":[{"name":"wp","href":"https:\/\/api.w.org\/{rel}","templated":true}]}}