{"id":3158,"date":"2013-06-29T13:00:52","date_gmt":"2013-06-29T13:00:52","guid":{"rendered":"http:\/\/localhost:8888\/jupiter\/?page_id=3158"},"modified":"2022-06-10T11:24:25","modified_gmt":"2022-06-10T11:24:25","slug":"webs","status":"publish","type":"page","link":"https:\/\/valensaconsulting.com\/en\/webs\/","title":{"rendered":"Webs"},"content":{"rendered":"<p>[et_pb_section fb_built=\u00bb1&#8243; _builder_version=\u00bb4.17.4&#8243; _module_preset=\u00bbdefault\u00bb background_color=\u00bb#000000&#8243; use_background_color_gradient=\u00bbon\u00bb background_color_gradient_direction=\u00bb120deg\u00bb background_color_gradient_stops=\u00bb#6b73ff 0%|#000dff 100%\u00bb background_image=\u00bbhttps:\/\/valensaconsulting.com\/wp-content\/uploads\/2022\/06\/section-bg-hero2.png\u00bb custom_margin=\u00bb||||false|false\u00bb custom_padding=\u00bb100px||100px||false|false\u00bb global_colors_info=\u00bb{}\u00bb][et_pb_row _builder_version=\u00bb4.17.4&#8243; _module_preset=\u00bbdefault\u00bb global_colors_info=\u00bb{}\u00bb][et_pb_column type=\u00bb4_4&#8243; _builder_version=\u00bb4.17.4&#8243; _module_preset=\u00bbdefault\u00bb global_colors_info=\u00bb{}\u00bb][et_pb_text admin_label=\u00bbTitle\u00bb _builder_version=\u00bb4.17.4&#8243; _module_preset=\u00bbdefault\u00bb text_font=\u00bbPoppins||||||||\u00bb text_font_size=\u00bb18px\u00bb text_line_height=\u00bb1.8em\u00bb header_font=\u00bbPoppins|600|||||||\u00bb header_font_size=\u00bb48px\u00bb header_line_height=\u00bb1.4em\u00bb header_2_font=\u00bb||||||||\u00bb text_orientation=\u00bbcenter\u00bb background_layout=\u00bbdark\u00bb max_width=\u00bb700px\u00bb module_alignment=\u00bbcenter\u00bb custom_margin=\u00bb|||\u00bb animation_style=\u00bbfade\u00bb global_colors_info=\u00bb{}\u00bb]<\/p>\n<h1>Webs<\/h1>\n<p>Comprehensive consulting for your online project<\/p>\n<p>[\/et_pb_text][\/et_pb_column][\/et_pb_row][\/et_pb_section][et_pb_section fb_built=\u00bb1&#8243; admin_label=\u00bbYearly Report Section\u00bb _builder_version=\u00bb4.16&#8243; _module_preset=\u00bbdefault\u00bb custom_margin=\u00bb|||\u00bb custom_padding=\u00bb90px||90px|\u00bb global_colors_info=\u00bb{}\u00bb][et_pb_row column_structure=\u00bb1_2,1_2&#8243; use_custom_gutter=\u00bbon\u00bb gutter_width=\u00bb1&#8243; admin_label=\u00bbYearly Report Area\u00bb module_class=\u00bb et_pb_row_fullwidth\u00bb _builder_version=\u00bb4.16&#8243; _module_preset=\u00bbdefault\u00bb width=\u00bb100%\u00bb width_tablet=\u00bb100%\u00bb width_phone=\u00bb100%\u00bb width_last_edited=\u00bbon|desktop\u00bb max_width=\u00bb100%\u00bb max_width_tablet=\u00bb100%\u00bb max_width_phone=\u00bb100%\u00bb max_width_last_edited=\u00bbon|desktop\u00bb custom_padding=\u00bb|||\u00bb make_fullwidth=\u00bbon\u00bb global_colors_info=\u00bb{}\u00bb][et_pb_column type=\u00bb1_2&#8243; _builder_version=\u00bb4.16&#8243; _module_preset=\u00bbdefault\u00bb custom_padding=\u00bb|||\u00bb global_colors_info=\u00bb{}\u00bb custom_padding__hover=\u00bb|||\u00bb][et_pb_image src=\u00bbhttps:\/\/valensaconsulting.com\/wp-content\/uploads\/2022\/06\/laptop-landing-left-2.png\u00bb title_text=\u00bblaptop-landing-left-2&#8243; force_fullwidth=\u00bbon\u00bb align_tablet=\u00bbcenter\u00bb align_phone=\u00bbcenter\u00bb align_last_edited=\u00bbon|desktop\u00bb _builder_version=\u00bb4.17.4&#8243; _module_preset=\u00bbdefault\u00bb animation_style=\u00bbfade\u00bb global_colors_info=\u00bb{}\u00bb][\/et_pb_image][\/et_pb_column][et_pb_column type=\u00bb1_2&#8243; _builder_version=\u00bb4.16&#8243; _module_preset=\u00bbdefault\u00bb custom_padding=\u00bb180px|12%|180px|8%\u00bb global_colors_info=\u00bb{}\u00bb custom_padding__hover=\u00bb|||\u00bb][et_pb_cta title=\u00bbConsultor\u00eda web\u00bb button_url=\u00bb#\u00bb admin_label=\u00bbLast Year Report Text\u00bb _builder_version=\u00bb4.17.4&#8243; _module_preset=\u00bbdefault\u00bb header_font=\u00bbPoppins|600|||||||\u00bb header_font_size=\u00bb36px\u00bb header_line_height=\u00bb1.4em\u00bb body_font=\u00bbPoppins||||||||\u00bb body_font_size=\u00bb16px\u00bb body_line_height=\u00bb1.8em\u00bb use_background_color=\u00bboff\u00bb custom_button=\u00bbon\u00bb button_text_size=\u00bb14px\u00bb button_text_color=\u00bb#ffffff\u00bb button_bg_color=\u00bb#8b20bb\u00bb button_border_width=\u00bb12px\u00bb button_border_color=\u00bb#8b20bb\u00bb button_letter_spacing=\u00bb2px\u00bb button_font=\u00bbPoppins|600||on|||||\u00bb button_icon=\u00bb&#x24;||divi||400&#8243; text_orientation=\u00bbleft\u00bb background_layout=\u00bblight\u00bb max_width=\u00bb550px\u00bb animation_style=\u00bbslide\u00bb animation_direction=\u00bbright\u00bb animation_intensity_slide=\u00bb10%\u00bb animation_starting_opacity=\u00bb100%\u00bb global_colors_info=\u00bb{}\u00bb button_text_size__hover_enabled=\u00bboff\u00bb button_one_text_size__hover_enabled=\u00bboff\u00bb button_two_text_size__hover_enabled=\u00bboff\u00bb button_text_color__hover_enabled=\u00bboff\u00bb button_one_text_color__hover_enabled=\u00bboff\u00bb button_two_text_color__hover_enabled=\u00bboff\u00bb button_border_width__hover_enabled=\u00bboff\u00bb button_one_border_width__hover_enabled=\u00bboff\u00bb button_two_border_width__hover_enabled=\u00bboff\u00bb button_border_color__hover_enabled=\u00bboff\u00bb button_one_border_color__hover_enabled=\u00bboff\u00bb button_two_border_color__hover_enabled=\u00bboff\u00bb button_border_radius__hover_enabled=\u00bboff\u00bb button_one_border_radius__hover_enabled=\u00bboff\u00bb button_two_border_radius__hover_enabled=\u00bboff\u00bb button_letter_spacing__hover_enabled=\u00bboff\u00bb button_one_letter_spacing__hover_enabled=\u00bboff\u00bb button_two_letter_spacing__hover_enabled=\u00bboff\u00bb button_bg_color__hover_enabled=\u00bboff\u00bb button_one_bg_color__hover_enabled=\u00bboff\u00bb button_two_bg_color__hover_enabled=\u00bboff\u00bb]Ofrecemos un servicio de consultor\u00eda personalizado a tu proyecto. Nos enfocamos en conocer las necesidades del proyecto para ofrecerte la soluci\u00f3n m\u00e1s rentable. Desarrollamos plataformas ecommerce, webs corporativas o proyectos m\u00e1s complejos como startups tecnol\u00f3gicas.[\/et_pb_cta][\/et_pb_column][\/et_pb_row][\/et_pb_section][et_pb_section fb_built=\u00bb1&#8243; admin_label=\u00bbProject Details Section\u00bb _builder_version=\u00bb4.16&#8243; _module_preset=\u00bbdefault\u00bb background_image=\u00bbhttps:\/\/valensaconsulting.com\/wp-content\/uploads\/2022\/06\/section-bg-graph.png\u00bb background_size=\u00bbcontain\u00bb background_position=\u00bbbottom_center\u00bb custom_padding=\u00bb90px||90px|\u00bb global_colors_info=\u00bb{}\u00bb][et_pb_row admin_label=\u00bbProject Summary\u00bb _builder_version=\u00bb4.16&#8243; _module_preset=\u00bbdefault\u00bb custom_padding=\u00bb|||\u00bb global_colors_info=\u00bb{}\u00bb][et_pb_column type=\u00bb4_4&#8243; _builder_version=\u00bb4.16&#8243; _module_preset=\u00bbdefault\u00bb custom_padding=\u00bb|||\u00bb global_colors_info=\u00bb{}\u00bb custom_padding__hover=\u00bb|||\u00bb][et_pb_text admin_label=\u00bbTitle\u00bb _builder_version=\u00bb4.17.4&#8243; _module_preset=\u00bbdefault\u00bb text_font=\u00bbPoppins||||||||\u00bb text_font_size=\u00bb16px\u00bb text_line_height=\u00bb1.8em\u00bb ul_font=\u00bb||||||||\u00bb ol_font=\u00bb||||||||\u00bb header_font=\u00bb||||||||\u00bb header_2_font=\u00bbPoppins|600|||||||\u00bb header_2_font_size=\u00bb36px\u00bb header_2_line_height=\u00bb1.4em\u00bb max_width=\u00bb800px\u00bb animation_style=\u00bbfold\u00bb animation_direction=\u00bbbottom\u00bb animation_intensity_fold=\u00bb10%\u00bb animation_starting_opacity=\u00bb100%\u00bb global_colors_info=\u00bb{}\u00bb]<\/p>\n<h2>Mobile first design<\/h2>\n<p>A philosophy that creates better user experiences by designing primarily for smaller screens and adapting the design for higher resolutions. <\/p>\n<p>Mobile-first design focuses on making digital products more attractive at small resolutions and therefore making all content more accessible to any type of person. <\/p>\n<p>Esta filosof\u00eda se enfoca tambi\u00e9n en el contenido principalmente, destacando lo m\u00e1s importante en las primeras posiciones de la p\u00e1gina, esto hace tambi\u00e9n que todo el contenido sea m\u00e1s accesible incluso para personas con discapacidades cognitivas. [\/et_pb_text][\/et_pb_column][\/et_pb_row][et_pb_row admin_label=\u00bbProject Strategy\u00bb _builder_version=\u00bb4.16&#8243; _module_preset=\u00bbdefault\u00bb custom_margin=\u00bb|||\u00bb custom_padding=\u00bb|||\u00bb global_colors_info=\u00bb{}\u00bb][et_pb_column type=\u00bb4_4&#8243; _builder_version=\u00bb4.16&#8243; _module_preset=\u00bbdefault\u00bb custom_padding=\u00bb|||\u00bb global_colors_info=\u00bb{}\u00bb custom_padding__hover=\u00bb|||\u00bb][et_pb_text ul_type=\u00bbcircle\u00bb ul_position=\u00bbinside\u00bb admin_label=\u00bbTitle\u00bb _builder_version=\u00bb4.17.4&#8243; _module_preset=\u00bbdefault\u00bb text_font=\u00bbPoppins||||||||\u00bb text_font_size=\u00bb16px\u00bb text_line_height=\u00bb1.8em\u00bb ul_font=\u00bb||||||||\u00bb ul_line_height=\u00bb2em\u00bb ol_font=\u00bb||||||||\u00bb header_font=\u00bb||||||||\u00bb header_2_font=\u00bbPoppins|600|||||||\u00bb header_2_font_size=\u00bb36px\u00bb header_2_line_height=\u00bb1.4em\u00bb max_width=\u00bb800px\u00bb animation_style=\u00bbfold\u00bb animation_direction=\u00bbbottom\u00bb animation_intensity_fold=\u00bb10%\u00bb animation_starting_opacity=\u00bb100%\u00bb global_colors_info=\u00bb{}\u00bb]<\/p>\n<h2>Services<\/h2>\n<p>We have other extra services for your web project. Professional photography team, intranet, reservation module for restaurants and hotels, surveys, banners for advertisers, modules for schools\/universities, etc.<\/p>\n<ul>\n<li>Conceptualization<\/li>\n<li>Design<\/li>\n<li>Technical Support<\/li>\n<li>Servers and hosting<\/li>\n<li>Domains<\/li>\n<li>Self-management<\/li>\n<\/ul>\n<p>[\/et_pb_text][\/et_pb_column][\/et_pb_row][et_pb_row admin_label=\u00bbProject Strategy\u00bb _builder_version=\u00bb4.17.4&#8243; _module_preset=\u00bbdefault\u00bb custom_margin=\u00bb|||\u00bb custom_padding=\u00bb|||\u00bb global_colors_info=\u00bb{}\u00bb][et_pb_column type=\u00bb4_4&#8243; _builder_version=\u00bb4.16&#8243; _module_preset=\u00bbdefault\u00bb custom_padding=\u00bb|||\u00bb global_colors_info=\u00bb{}\u00bb custom_padding__hover=\u00bb|||\u00bb][et_pb_text ul_type=\u00bbcircle\u00bb ul_position=\u00bbinside\u00bb admin_label=\u00bbTitle\u00bb _builder_version=\u00bb4.17.4&#8243; _module_preset=\u00bbdefault\u00bb text_font=\u00bbPoppins||||||||\u00bb text_font_size=\u00bb16px\u00bb text_line_height=\u00bb1.8em\u00bb ul_font=\u00bb||||||||\u00bb ul_line_height=\u00bb2em\u00bb ol_font=\u00bb||||||||\u00bb header_font=\u00bb||||||||\u00bb header_2_font=\u00bbPoppins|600|||||||\u00bb header_2_font_size=\u00bb36px\u00bb header_2_line_height=\u00bb1.4em\u00bb max_width=\u00bb800px\u00bb animation_style=\u00bbfold\u00bb animation_direction=\u00bbbottom\u00bb animation_intensity_fold=\u00bb10%\u00bb animation_starting_opacity=\u00bb100%\u00bb hover_enabled=\u00bb0&#8243; global_colors_info=\u00bb{}\u00bb sticky_enabled=\u00bb0&#8243;]<\/p>\n<h2>Ecommerce<\/h2>\n<p>Nowadays, with the increasing popularity of the Internet and technological advancements, it is now much faster and easier to buy and sell online. Internet users are no longer limited to sitting at desktop computers to research or send emails.<\/p>\n<p>People now use their laptops, tablets and even mobile phones to do more things, such as buying and even selling products over the internet. People can now enjoy shopping and even run their own business from the comfort of their homes!<\/p>\n<p>As a seller with an e-commerce website, you can inform your customers about your business, showcase your products, and accept online payments.<\/p>\n<p>Desarrollamos tiendas online cumpliendo con las \u00faltimas tecnolog\u00edas y demandas de posicionamiento y carga.[\/et_pb_text][\/et_pb_column][\/et_pb_row][\/et_pb_section]<\/p>","protected":false},"excerpt":{"rendered":"<p>Webs Consultor\u00eda integral de tu proyecto onlineOfrecemos un servicio de consultor\u00eda personalizado a tu proyecto. Nos enfocamos en conocer las necesidades del proyecto para ofrecerte la soluci\u00f3n m\u00e1s rentable. Desarrollamos plataformas ecommerce, webs corporativas o proyectos m\u00e1s complejos como startups tecnol\u00f3gicas.Mobile first design Una filosof\u00eda que crea mejores experiencias para los usuarios dise\u00f1ando principalmente para [&hellip;]<\/p>","protected":false},"author":1,"featured_media":0,"parent":0,"menu_order":0,"comment_status":"open","ping_status":"closed","template":"","meta":{"_et_pb_use_builder":"on","_et_pb_old_content":"[vc_row][vc_column width=\"1\/1\"][mk_fancy_title tag_name=\"h1\" style=\"false\" color=\"#888888\" size=\"28\" font_weight=\"300\" margin_top=\"0\" margin_bottom=\"60\" font_family=\"none\" align=\"center\" width=\"1\/1\" el_position=\"first last\" letter_spacing=\"0\"]Consultor\u00eda integral de tu proyecto online[\/mk_fancy_title][mk_padding_divider size=\"30\" width=\"1\/1\" el_position=\"first last\"][\/vc_column][\/vc_row][vc_row][vc_column][vc_column_text]\r\n[\/vc_column_text][\/vc_column][\/vc_row][vc_row][vc_column width=\"1\/3\"][mk_icon_box title=\"Consultor\u00eda web\" text_size=\"16\" font_weight=\"inherit\" icon=\"moon-clipboard-4\" style=\"simple_ultimate\" icon_size=\"small\" icon_location=\"left\" circled=\"false\" icon_color=\"#2a71a3\" icon_circle_color=\"#0bb697\" box_blur=\"false\" margin=\"30\" animation=\"scale-up\" width=\"1\/1\" el_position=\"first\" rounded_circle=\"false\"]Ofrecemos un servicio de consultor\u00eda personalizado a tu proyecto. Nos enfocamos en conocer las necesidades del proyecto para ofrecerte la soluci\u00f3n m\u00e1s rentable. Desarrollamos plataformas ecommerce, webs corporativas o\u00a0proyectos m\u00e1s complejos como startups tecnol\u00f3gicas.[\/mk_icon_box][\/vc_column][vc_column width=\"1\/3\"][mk_icon_box title=\"Gesti\u00f3nalo t\u00fa\" text_size=\"16\" font_weight=\"inherit\" icon=\"moon-equalizer\" style=\"simple_ultimate\" icon_size=\"small\" icon_location=\"left\" circled=\"false\" icon_color=\"#2a71a3\" icon_circle_color=\"#0bb697\" box_blur=\"false\" margin=\"30\" animation=\"scale-up\" width=\"1\/1\" rounded_circle=\"false\"]Nada mejor que t\u00fa mismo para gestionar la web de tu empresa. Mant\u00e9n actualizados a tus clientes con novedades, promociones, eventos o noticias. De una forma muy sencilla podr\u00e1s cambiar contenidos, fotograf\u00edas, etc. No tienes conocimientos de inform\u00e1tica, no importa, \u00a1es muy sencillo![\/mk_icon_box][\/vc_column][vc_column width=\"1\/3\"][mk_icon_box title=\"Soporte t\u00e9cnico\" text_size=\"16\" icon=\"moon-clock-3\" style=\"simple_ultimate\" icon_size=\"small\" icon_location=\"left\" circled=\"false\" icon_color=\"#2a71a3\" icon_circle_color=\"#0bb697\" box_blur=\"false\" margin=\"30\" animation=\"scale-up\" width=\"1\/1\" el_position=\"last\" rounded_circle=\"false\" font_weight=\"inherit\"]Disponemos de un equipo que\u00a0est\u00e1 permanentemente a disposici\u00f3n de los clientes para ofrecer cualquier servicio de urgencia. Adem\u00e1s\u00a0te orientamos para que aprendas r\u00e1pidamente a modificar contenidos en tu proyecto web.[\/mk_icon_box][\/vc_column][\/vc_row][vc_row][vc_column][vc_column_text]\r\n[\/vc_column_text][mk_padding_divider size=\"30\" width=\"1\/1\" el_position=\"first last\"][\/vc_column][\/vc_row][vc_row][vc_column width=\"1\/3\"][mk_icon_box title=\"Alojamiento y dominio\" text_size=\"16\" font_weight=\"inherit\" icon=\"moon-globe\" style=\"simple_ultimate\" icon_size=\"small\" icon_location=\"left\" circled=\"false\" icon_color=\"#2a71a3\" icon_circle_color=\"#0bb697\" box_blur=\"false\" margin=\"30\" animation=\"scale-up\" width=\"1\/1\" el_position=\"first\" rounded_circle=\"false\"]Podemos trasladar tu dominio actual, puedes seguir utiliz\u00e1ndolo con el registrador actual o podemos contratar un dominio nuevo. En cualquier caso el alojamiento\u00a0de la web estar\u00e1 en los servidores de Dirk Consulting para ayudar a proteger la web contra cualquier tipo de amenaza.[\/mk_icon_box][\/vc_column][vc_column width=\"1\/3\"][mk_icon_box title=\"Para m\u00f3viles\" text_size=\"16\" font_weight=\"inherit\" icon=\"moon-mobile-2\" style=\"simple_ultimate\" icon_size=\"small\" icon_location=\"left\" circled=\"false\" icon_color=\"#2a71a3\" icon_circle_color=\"#0bb697\" box_blur=\"false\" margin=\"30\" animation=\"scale-up\" width=\"1\/1\" rounded_circle=\"false\"]Crearemos tu web para que sea visible desde cualquier dispositivo. Consideramos que la tecnolog\u00eda m\u00f3vil se est\u00e1 afianzando como la primera opci\u00f3n para los usuarios y es imprescindible que la web est\u00e9 adaptada para estos dispositivos. Se puede realizar la web en versi\u00f3n responsive.[\/mk_icon_box][\/vc_column][vc_column width=\"1\/3\"][mk_icon_box title=\"Servicios A\u00f1adidos\" text_size=\"16\" icon=\"moon-plus-circle\" style=\"simple_ultimate\" icon_size=\"small\" icon_location=\"left\" circled=\"false\" icon_color=\"#2a71a3\" icon_circle_color=\"#0bb697\" box_blur=\"false\" margin=\"30\" animation=\"scale-up\" width=\"1\/1\" el_position=\"last\" rounded_circle=\"false\" font_weight=\"inherit\"]Disponemos de otros servicios extras para tu proyecto\u00a0web. Equipo profesional de fotograf\u00eda, intranet, m\u00f3dulo de reservas para restaurantes y hoteles, encuestas, banners para anunciantes, m\u00f3dulos para colegios\/universidades,...[\/mk_icon_box][\/vc_column][\/vc_row][vc_row][vc_column][vc_column_text]\r\n[\/vc_column_text][\/vc_column][\/vc_row][vc_row][vc_column width=\"1\/1\"][mk_divider style=\"thin_solid\" divider_width=\"page_divider\" margin_top=\"20\" margin_bottom=\"20\" width=\"1\/1\" el_position=\"first last\"][\/vc_column][\/vc_row][vc_row][vc_column][vc_column_text]\r\n[\/vc_column_text][\/vc_column][\/vc_row][vc_row][vc_column width=\"1\/1\"][mk_divider style=\"thin_solid\" divider_width=\"page_divider\" margin_top=\"0\" margin_bottom=\"20\" width=\"1\/1\" el_position=\"first last\"][\/vc_column][\/vc_row][vc_row][vc_column][vc_column_text]\r\n[\/vc_column_text][\/vc_column][\/vc_row][vc_row][vc_column width=\"1\/1\"][mk_fancy_title tag_name=\"h1\" style=\"false\" color=\"#888888\" size=\"28\" font_weight=\"300\" margin_top=\"0\" margin_bottom=\"60\" font_family=\"none\" align=\"center\" width=\"1\/1\" el_position=\"first last\" letter_spacing=\"0\"]Pasos que seguimos en los trabajos personalizados[\/mk_fancy_title][\/vc_column][\/vc_row][vc_row][vc_column width=\"1\/1\"][\/vc_column][\/vc_row][vc_row][vc_column][vc_column_text]\r\n[\/vc_column_text][\/vc_column][\/vc_row][vc_row][vc_column width=\"1\/1\"][mk_steps step=\"5\" hover_color=\"#2a71a3\" icon_1=\"moon-cube-3\" title_1=\"Conceptualizaci\u00f3n\" desc_1=\"Entender bien el valor y diferenciaci\u00f3n de nuestros clientes, es esencial para poder trasmitirlo.\" icon_2=\"moon-brain\" title_2=\"Ideas de Dise\u00f1o\" desc_2=\"Presentamos a nuestros clientes diferentes bocetos de dise\u00f1o para que elijan cual se ajusta m\u00e1s a lo que est\u00e1n buscando.\" icon_3=\"moon-weather-lightning\" title_3=\"Creaci\u00f3n\" desc_3=\"Nuestros programadores empezar\u00e1n a crear la web desde los cimientos y siempre con reuniones peri\u00f3dicas con el el cliente.\" icon_4=\"icon-wrench\" title_4=\"Retoques\" desc_4=\"Una vez creada la estructura de la web, es momento de afinar la programaci\u00f3n para que la obra est\u00e9 terminada.\" icon_5=\"moon-signup\" title_5=\"Entrega\" desc_5=\"El lanzamiento web se har\u00e1 con el consentimiento del cliente y siempre con una garant\u00eda de servicio t\u00e9cnico.\" width=\"1\/1\" el_position=\"first last\"][\/vc_column][\/vc_row][vc_row][vc_column][vc_column_text]\r\n[\/vc_column_text][\/vc_column][\/vc_row][vc_row][vc_column width=\"1\/1\"][mk_page_section border_color=\"#eaeaea\" bg_color=\"#f4f4f4\" attachment=\"scroll\" enable_3d=\"false\" speed_factor=\"0\" section_layout=\"full\" sidebar=\"Shortcodes\" min_height=\"100\" inner_padding=\"20\" margin_bottom=\"0\" last_page=\"true\" width=\"1\/1\" el_position=\"first last\"][mk_fancy_title tag_name=\"h1\" style=\"false\" color=\"#888888\" size=\"28\" font_weight=\"300\" margin_top=\"40\" margin_bottom=\"15\" font_family=\"none\" align=\"center\" width=\"1\/1\" el_position=\"first last\" letter_spacing=\"0\"]P\u00eddenos presupuesto para\u00a0trabajos personalizados[\/mk_fancy_title][mk_clients count=\"10\" clients=\"3178,3193,3185,3186,3187,3188,3189,3190,3191,3192\" order=\"ASC\" orderby=\"menu_order\" bg_color=\"#f4f4f4\" border_color=\"#f4f4f4\" height=\"220\" width=\"1\/1\" el_position=\"first last\"][\/mk_page_section][\/vc_column][\/vc_row]","_et_gb_content_width":"","footnotes":""},"class_list":["post-3158","page","type-page","status-publish","hentry"],"yoast_head":"<!-- This site is optimized with the Yoast SEO plugin v25.2 - https:\/\/yoast.com\/wordpress\/plugins\/seo\/ -->\n<title>Webs - Valensa Consulting<\/title>\n<meta name=\"robots\" content=\"index, follow, max-snippet:-1, max-image-preview:large, max-video-preview:-1\" \/>\n<link rel=\"canonical\" href=\"https:\/\/valensaconsulting.com\/en\/webs\/\" \/>\n<meta property=\"og:locale\" content=\"en_US\" \/>\n<meta property=\"og:type\" content=\"article\" \/>\n<meta property=\"og:title\" content=\"Webs - Valensa Consulting\" \/>\n<meta property=\"og:description\" content=\"Webs Consultor\u00eda integral de tu proyecto onlineOfrecemos un servicio de consultor\u00eda personalizado a tu proyecto. Nos enfocamos en conocer las necesidades del proyecto para ofrecerte la soluci\u00f3n m\u00e1s rentable. Desarrollamos plataformas ecommerce, webs corporativas o proyectos m\u00e1s complejos como startups tecnol\u00f3gicas.Mobile first design Una filosof\u00eda que crea mejores experiencias para los usuarios dise\u00f1ando principalmente para [&hellip;]\" \/>\n<meta property=\"og:url\" content=\"https:\/\/valensaconsulting.com\/en\/webs\/\" \/>\n<meta property=\"og:site_name\" content=\"Valensa Consulting\" \/>\n<meta property=\"article:modified_time\" content=\"2022-06-10T11:24:25+00:00\" \/>\n<meta name=\"twitter:card\" content=\"summary_large_image\" \/>\n<meta name=\"twitter:label1\" content=\"Est. reading time\" \/>\n\t<meta name=\"twitter:data1\" content=\"6 minutes\" \/>\n<script type=\"application\/ld+json\" class=\"yoast-schema-graph\">{\"@context\":\"https:\/\/schema.org\",\"@graph\":[{\"@type\":\"WebPage\",\"@id\":\"https:\/\/valensaconsulting.com\/webs\/\",\"url\":\"https:\/\/valensaconsulting.com\/webs\/\",\"name\":\"Webs - Valensa Consulting\",\"isPartOf\":{\"@id\":\"https:\/\/valensaconsulting.com\/#website\"},\"datePublished\":\"2013-06-29T13:00:52+00:00\",\"dateModified\":\"2022-06-10T11:24:25+00:00\",\"breadcrumb\":{\"@id\":\"https:\/\/valensaconsulting.com\/webs\/#breadcrumb\"},\"inLanguage\":\"en-US\",\"potentialAction\":[{\"@type\":\"ReadAction\",\"target\":[\"https:\/\/valensaconsulting.com\/webs\/\"]}]},{\"@type\":\"BreadcrumbList\",\"@id\":\"https:\/\/valensaconsulting.com\/webs\/#breadcrumb\",\"itemListElement\":[{\"@type\":\"ListItem\",\"position\":1,\"name\":\"Portada\",\"item\":\"https:\/\/valensaconsulting.com\/\"},{\"@type\":\"ListItem\",\"position\":2,\"name\":\"Webs\"}]},{\"@type\":\"WebSite\",\"@id\":\"https:\/\/valensaconsulting.com\/#website\",\"url\":\"https:\/\/valensaconsulting.com\/\",\"name\":\"Valensa Consulting\",\"description\":\"Consultor\u00eda web: 20 a\u00f1os de experiencia\",\"potentialAction\":[{\"@type\":\"SearchAction\",\"target\":{\"@type\":\"EntryPoint\",\"urlTemplate\":\"https:\/\/valensaconsulting.com\/?s={search_term_string}\"},\"query-input\":{\"@type\":\"PropertyValueSpecification\",\"valueRequired\":true,\"valueName\":\"search_term_string\"}}],\"inLanguage\":\"en-US\"}]}<\/script>\n<!-- \/ Yoast SEO plugin. -->","yoast_head_json":{"title":"Webs - Valensa Consulting","robots":{"index":"index","follow":"follow","max-snippet":"max-snippet:-1","max-image-preview":"max-image-preview:large","max-video-preview":"max-video-preview:-1"},"canonical":"https:\/\/valensaconsulting.com\/en\/webs\/","og_locale":"en_US","og_type":"article","og_title":"Webs - Valensa Consulting","og_description":"Webs Consultor\u00eda integral de tu proyecto onlineOfrecemos un servicio de consultor\u00eda personalizado a tu proyecto. Nos enfocamos en conocer las necesidades del proyecto para ofrecerte la soluci\u00f3n m\u00e1s rentable. Desarrollamos plataformas ecommerce, webs corporativas o proyectos m\u00e1s complejos como startups tecnol\u00f3gicas.Mobile first design Una filosof\u00eda que crea mejores experiencias para los usuarios dise\u00f1ando principalmente para [&hellip;]","og_url":"https:\/\/valensaconsulting.com\/en\/webs\/","og_site_name":"Valensa Consulting","article_modified_time":"2022-06-10T11:24:25+00:00","twitter_card":"summary_large_image","twitter_misc":{"Est. reading time":"6 minutes"},"schema":{"@context":"https:\/\/schema.org","@graph":[{"@type":"WebPage","@id":"https:\/\/valensaconsulting.com\/webs\/","url":"https:\/\/valensaconsulting.com\/webs\/","name":"Webs - Valensa Consulting","isPartOf":{"@id":"https:\/\/valensaconsulting.com\/#website"},"datePublished":"2013-06-29T13:00:52+00:00","dateModified":"2022-06-10T11:24:25+00:00","breadcrumb":{"@id":"https:\/\/valensaconsulting.com\/webs\/#breadcrumb"},"inLanguage":"en-US","potentialAction":[{"@type":"ReadAction","target":["https:\/\/valensaconsulting.com\/webs\/"]}]},{"@type":"BreadcrumbList","@id":"https:\/\/valensaconsulting.com\/webs\/#breadcrumb","itemListElement":[{"@type":"ListItem","position":1,"name":"Portada","item":"https:\/\/valensaconsulting.com\/"},{"@type":"ListItem","position":2,"name":"Webs"}]},{"@type":"WebSite","@id":"https:\/\/valensaconsulting.com\/#website","url":"https:\/\/valensaconsulting.com\/","name":"Valensa Consulting","description":"Consultor\u00eda web: 20 a\u00f1os de experiencia","potentialAction":[{"@type":"SearchAction","target":{"@type":"EntryPoint","urlTemplate":"https:\/\/valensaconsulting.com\/?s={search_term_string}"},"query-input":{"@type":"PropertyValueSpecification","valueRequired":true,"valueName":"search_term_string"}}],"inLanguage":"en-US"}]}},"_links":{"self":[{"href":"https:\/\/valensaconsulting.com\/en\/wp-json\/wp\/v2\/pages\/3158","targetHints":{"allow":["GET"]}}],"collection":[{"href":"https:\/\/valensaconsulting.com\/en\/wp-json\/wp\/v2\/pages"}],"about":[{"href":"https:\/\/valensaconsulting.com\/en\/wp-json\/wp\/v2\/types\/page"}],"author":[{"embeddable":true,"href":"https:\/\/valensaconsulting.com\/en\/wp-json\/wp\/v2\/users\/1"}],"replies":[{"embeddable":true,"href":"https:\/\/valensaconsulting.com\/en\/wp-json\/wp\/v2\/comments?post=3158"}],"version-history":[{"count":33,"href":"https:\/\/valensaconsulting.com\/en\/wp-json\/wp\/v2\/pages\/3158\/revisions"}],"predecessor-version":[{"id":6715,"href":"https:\/\/valensaconsulting.com\/en\/wp-json\/wp\/v2\/pages\/3158\/revisions\/6715"}],"wp:attachment":[{"href":"https:\/\/valensaconsulting.com\/en\/wp-json\/wp\/v2\/media?parent=3158"}],"curies":[{"name":"wp","href":"https:\/\/api.w.org\/{rel}","templated":true}]}}