{"id":3103,"date":"2013-06-29T02:14:21","date_gmt":"2013-06-29T02:14:21","guid":{"rendered":"http:\/\/localhost:8888\/jupiter\/?page_id=3103"},"modified":"2024-10-29T14:02:28","modified_gmt":"2024-10-29T14:02:28","slug":"contacto","status":"publish","type":"page","link":"https:\/\/valensaconsulting.com\/en\/contacto\/","title":{"rendered":"Contact"},"content":{"rendered":"<p>[et_pb_section fb_built=\u00bb1&#8243; admin_label=\u00bbPage Title Section\u00bb _builder_version=\u00bb4.16&#8243; _module_preset=\u00bbdefault\u00bb use_background_color_gradient=\u00bbon\u00bb background_color_gradient_direction=\u00bb120deg\u00bb background_color_gradient_stops=\u00bb#6b73ff 0%|#000dff 100%\u00bb background_color_gradient_start=\u00bb#6b73ff\u00bb background_color_gradient_end=\u00bb#000dff\u00bb background_image=\u00bbhttps:\/\/valensaconsulting.com\/wp-content\/uploads\/2022\/06\/section-bg-hero4-3.png\u00bb custom_padding=\u00bb100px||60px|\u00bb box_shadow_style=\u00bbpreset7&#8243; box_shadow_horizontal=\u00bb0px\u00bb box_shadow_vertical=\u00bb-220px\u00bb box_shadow_color=\u00bb#ffffff\u00bb global_colors_info=\u00bb{}\u00bb][et_pb_row admin_label=\u00bbPage Title Area\u00bb _builder_version=\u00bb4.16&#8243; _module_preset=\u00bbdefault\u00bb background_size=\u00bbinitial\u00bb background_position=\u00bbtop_left\u00bb background_repeat=\u00bbrepeat\u00bb animation_style=\u00bbfade\u00bb global_colors_info=\u00bb{}\u00bb][et_pb_column type=\u00bb4_4&#8243; _builder_version=\u00bb4.16&#8243; _module_preset=\u00bbdefault\u00bb custom_padding=\u00bb|||\u00bb global_colors_info=\u00bb{}\u00bb custom_padding__hover=\u00bb|||\u00bb][et_pb_text admin_label=\u00bbTitle\u00bb _builder_version=\u00bb4.17.4&#8243; _module_preset=\u00bbdefault\u00bb text_font=\u00bbPoppins||||||||\u00bb text_font_size=\u00bb18px\u00bb text_line_height=\u00bb1.8em\u00bb header_font=\u00bbPoppins|600|||||||\u00bb header_font_size=\u00bb48px\u00bb header_line_height=\u00bb1.4em\u00bb header_2_font=\u00bb||||||||\u00bb text_orientation=\u00bbcenter\u00bb background_layout=\u00bbdark\u00bb max_width=\u00bb700px\u00bb module_alignment=\u00bbcenter\u00bb custom_margin=\u00bb|||\u00bb animation_style=\u00bbfade\u00bb global_colors_info=\u00bb{}\u00bb]<\/p>\n<h1>Contact us<\/h1>\n<p>We offer a free initial authoring session to clarify the objectives of your project, whether or not we work together in the future.<\/p>\n<p>[\/et_pb_text][\/et_pb_column][\/et_pb_row][et_pb_row make_equal=\u00bbon\u00bb admin_label=\u00bbPricing Area\u00bb _builder_version=\u00bb4.16&#8243; _module_preset=\u00bbdefault\u00bb background_color=\u00bb#ffffff\u00bb custom_margin=\u00bb30px|||\u00bb custom_padding=\u00bb0px||0px|\u00bb animation_style=\u00bbslide\u00bb animation_direction=\u00bbtop\u00bb animation_intensity_slide=\u00bb3%\u00bb animation_starting_opacity=\u00bb100%\u00bb border_radii=\u00bbon|3px|3px|3px|3px\u00bb box_shadow_style=\u00bbpreset2&#8243; box_shadow_horizontal=\u00bb0px\u00bb box_shadow_vertical=\u00bb10px\u00bb box_shadow_blur=\u00bb55px\u00bb box_shadow_color=\u00bbrgba(0,0,0,0.07)\u00bb global_colors_info=\u00bb{}\u00bb][et_pb_column type=\u00bb4_4&#8243; _builder_version=\u00bb4.16&#8243; _module_preset=\u00bbdefault\u00bb custom_padding=\u00bb60px|40px|60px|40px\u00bb global_colors_info=\u00bb{}\u00bb custom_padding__hover=\u00bb|||\u00bb][et_pb_contact_form captcha=\u00bboff\u00bb title=\u00bbEscr\u00edbenos\u00bb submit_button_text=\u00bbEnviar\u00bb module_id=\u00bbet_pb_contact_form_0&#8243; _builder_version=\u00bb4.17.4&#8243; _module_preset=\u00bbdefault\u00bb form_field_background_color=\u00bbrgba(0,0,0,0)\u00bb title_font=\u00bbPoppins|600|||||||\u00bb title_text_align=\u00bbcenter\u00bb title_line_height=\u00bb1.4em\u00bb form_field_font=\u00bbPoppins||||||||\u00bb form_field_font_size=\u00bb16px\u00bb custom_button=\u00bbon\u00bb button_text_size=\u00bb14px\u00bb button_text_color=\u00bb#ffffff\u00bb button_bg_color=\u00bb#8b20bb\u00bb button_border_width=\u00bb12px\u00bb button_border_color=\u00bb#8b20bb\u00bb button_letter_spacing=\u00bb2px\u00bb button_font=\u00bbPoppins|600||on|||||\u00bb button_icon=\u00bb&#x24;||divi||400&#8243; border_width_all=\u00bb1px\u00bb border_color_all=\u00bbrgba(0,0,0,0.12)\u00bb form_background_color=\u00bbrgba(0,0,0,0)\u00bb locked=\u00bboff\u00bb global_colors_info=\u00bb{}\u00bb][et_pb_contact_field field_id=\u00bbNombre\u00bb field_title=\u00bbNombre\u00bb _builder_version=\u00bb4.17.4&#8243; _module_preset=\u00bbdefault\u00bb global_colors_info=\u00bb{}\u00bb button_text_size__hover_enabled=\u00bboff\u00bb button_one_text_size__hover_enabled=\u00bboff\u00bb button_two_text_size__hover_enabled=\u00bboff\u00bb button_text_color__hover_enabled=\u00bboff\u00bb button_one_text_color__hover_enabled=\u00bboff\u00bb button_two_text_color__hover_enabled=\u00bboff\u00bb button_border_width__hover_enabled=\u00bboff\u00bb button_one_border_width__hover_enabled=\u00bboff\u00bb button_two_border_width__hover_enabled=\u00bboff\u00bb button_border_color__hover_enabled=\u00bboff\u00bb button_one_border_color__hover_enabled=\u00bboff\u00bb button_two_border_color__hover_enabled=\u00bboff\u00bb button_border_radius__hover_enabled=\u00bboff\u00bb button_one_border_radius__hover_enabled=\u00bboff\u00bb button_two_border_radius__hover_enabled=\u00bboff\u00bb button_letter_spacing__hover_enabled=\u00bboff\u00bb button_one_letter_spacing__hover_enabled=\u00bboff\u00bb button_two_letter_spacing__hover_enabled=\u00bboff\u00bb button_bg_color__hover_enabled=\u00bboff\u00bb button_one_bg_color__hover_enabled=\u00bboff\u00bb button_two_bg_color__hover_enabled=\u00bboff\u00bb][\/et_pb_contact_field][et_pb_contact_field field_id=\u00bbEmail\u00bb field_title=\u00bbEmail\u00bb field_type=\u00bbemail\u00bb _builder_version=\u00bb4.17.4&#8243; _module_preset=\u00bbdefault\u00bb global_colors_info=\u00bb{}\u00bb button_text_size__hover_enabled=\u00bboff\u00bb button_one_text_size__hover_enabled=\u00bboff\u00bb button_two_text_size__hover_enabled=\u00bboff\u00bb button_text_color__hover_enabled=\u00bboff\u00bb button_one_text_color__hover_enabled=\u00bboff\u00bb button_two_text_color__hover_enabled=\u00bboff\u00bb button_border_width__hover_enabled=\u00bboff\u00bb button_one_border_width__hover_enabled=\u00bboff\u00bb button_two_border_width__hover_enabled=\u00bboff\u00bb button_border_color__hover_enabled=\u00bboff\u00bb button_one_border_color__hover_enabled=\u00bboff\u00bb button_two_border_color__hover_enabled=\u00bboff\u00bb button_border_radius__hover_enabled=\u00bboff\u00bb button_one_border_radius__hover_enabled=\u00bboff\u00bb button_two_border_radius__hover_enabled=\u00bboff\u00bb button_letter_spacing__hover_enabled=\u00bboff\u00bb button_one_letter_spacing__hover_enabled=\u00bboff\u00bb button_two_letter_spacing__hover_enabled=\u00bboff\u00bb button_bg_color__hover_enabled=\u00bboff\u00bb button_one_bg_color__hover_enabled=\u00bboff\u00bb button_two_bg_color__hover_enabled=\u00bboff\u00bb][\/et_pb_contact_field][et_pb_contact_field field_id=\u00bbTel\u00e9fono\u00bb field_title=\u00bbTel\u00e9fono\u00bb allowed_symbols=\u00bbnumbers\u00bb fullwidth_field=\u00bbon\u00bb _builder_version=\u00bb4.17.4&#8243; _module_preset=\u00bbdefault\u00bb global_colors_info=\u00bb{}\u00bb button_text_size__hover_enabled=\u00bboff\u00bb button_one_text_size__hover_enabled=\u00bboff\u00bb button_two_text_size__hover_enabled=\u00bboff\u00bb button_text_color__hover_enabled=\u00bboff\u00bb button_one_text_color__hover_enabled=\u00bboff\u00bb button_two_text_color__hover_enabled=\u00bboff\u00bb button_border_width__hover_enabled=\u00bboff\u00bb button_one_border_width__hover_enabled=\u00bboff\u00bb button_two_border_width__hover_enabled=\u00bboff\u00bb button_border_color__hover_enabled=\u00bboff\u00bb button_one_border_color__hover_enabled=\u00bboff\u00bb button_two_border_color__hover_enabled=\u00bboff\u00bb button_border_radius__hover_enabled=\u00bboff\u00bb button_one_border_radius__hover_enabled=\u00bboff\u00bb button_two_border_radius__hover_enabled=\u00bboff\u00bb button_letter_spacing__hover_enabled=\u00bboff\u00bb button_one_letter_spacing__hover_enabled=\u00bboff\u00bb button_two_letter_spacing__hover_enabled=\u00bboff\u00bb button_bg_color__hover_enabled=\u00bboff\u00bb button_one_bg_color__hover_enabled=\u00bboff\u00bb button_two_bg_color__hover_enabled=\u00bboff\u00bb][\/et_pb_contact_field][et_pb_contact_field field_id=\u00bbMensaje\u00bb field_title=\u00bbMensaje\u00bb field_type=\u00bbtext\u00bb fullwidth_field=\u00bbon\u00bb _builder_version=\u00bb4.17.4&#8243; _module_preset=\u00bbdefault\u00bb global_colors_info=\u00bb{}\u00bb button_text_size__hover_enabled=\u00bboff\u00bb button_one_text_size__hover_enabled=\u00bboff\u00bb button_two_text_size__hover_enabled=\u00bboff\u00bb button_text_color__hover_enabled=\u00bboff\u00bb button_one_text_color__hover_enabled=\u00bboff\u00bb button_two_text_color__hover_enabled=\u00bboff\u00bb button_border_width__hover_enabled=\u00bboff\u00bb button_one_border_width__hover_enabled=\u00bboff\u00bb button_two_border_width__hover_enabled=\u00bboff\u00bb button_border_color__hover_enabled=\u00bboff\u00bb button_one_border_color__hover_enabled=\u00bboff\u00bb button_two_border_color__hover_enabled=\u00bboff\u00bb button_border_radius__hover_enabled=\u00bboff\u00bb button_one_border_radius__hover_enabled=\u00bboff\u00bb button_two_border_radius__hover_enabled=\u00bboff\u00bb button_letter_spacing__hover_enabled=\u00bboff\u00bb button_one_letter_spacing__hover_enabled=\u00bboff\u00bb button_two_letter_spacing__hover_enabled=\u00bboff\u00bb button_bg_color__hover_enabled=\u00bboff\u00bb button_one_bg_color__hover_enabled=\u00bboff\u00bb button_two_bg_color__hover_enabled=\u00bboff\u00bb][\/et_pb_contact_field][\/et_pb_contact_form][\/et_pb_column][\/et_pb_row][\/et_pb_section][et_pb_section fb_built=\u00bb1&#8243; admin_label=\u00bbFooter Section\u00bb _builder_version=\u00bb4.16&#8243; _module_preset=\u00bbdefault\u00bb custom_padding=\u00bb90px||90px|\u00bb global_colors_info=\u00bb{}\u00bb][et_pb_row admin_label=\u00bbFooter Area\u00bb _builder_version=\u00bb4.16&#8243; _module_preset=\u00bbdefault\u00bb global_colors_info=\u00bb{}\u00bb][et_pb_column type=\u00bb4_4&#8243; _builder_version=\u00bb4.16&#8243; _module_preset=\u00bbdefault\u00bb custom_padding=\u00bb|||\u00bb global_colors_info=\u00bb{}\u00bb custom_padding__hover=\u00bb|||\u00bb][et_pb_text admin_label=\u00bbTitle\u00bb _builder_version=\u00bb4.17.4&#8243; _module_preset=\u00bbdefault\u00bb text_font=\u00bbPoppins||||||||\u00bb text_font_size=\u00bb16px\u00bb text_line_height=\u00bb1.8em\u00bb header_font=\u00bb||||||||\u00bb header_2_font=\u00bbPoppins|600|||||||\u00bb header_2_font_size=\u00bb22px\u00bb header_2_line_height=\u00bb1.5em\u00bb text_orientation=\u00bbcenter\u00bb custom_margin=\u00bb||20px|\u00bb animation_style=\u00bbfade\u00bb animation_direction=\u00bbtop\u00bb animation_starting_opacity=\u00bb100%\u00bb global_colors_info=\u00bb{}\u00bb]<\/p>\n<h2>Contact Details<\/h2>\n<p>+351 929 225 787 \/+34 666 416 516<br \/>info@valensaconsulting.com<br \/>407 LINCOLN ROAD SUITE 12N<br \/>MIAMI BEACH, FL 33139<\/p>\n<p>[\/et_pb_text][\/et_pb_column][\/et_pb_row][\/et_pb_section]<\/p>","protected":false},"excerpt":{"rendered":"<p>Cont\u00e1ctanos Proponemos una sesi\u00f3n inicial de autor\u00eda gratuita para aclarar los objetivos de tu proyecto, trabajemos o no juntos en el futuro.Datos de Contacto +351 929 225 787 \/+34 666 416 516info@valensaconsulting.com407 LINCOLN ROAD SUITE 12NMIAMI BEACH, FL 33139<\/p>","protected":false},"author":1,"featured_media":0,"parent":0,"menu_order":0,"comment_status":"open","ping_status":"closed","template":"","meta":{"_et_pb_use_builder":"on","_et_pb_old_content":"[vc_row][vc_column width=\"1\/1\"][mk_fancy_title tag_name=\"h1\" style=\"false\" color=\"#222222\" size=\"24\" font_weight=\"inhert\" margin_top=\"10\" margin_bottom=\"20\" font_family=\"none\" align=\"center\" width=\"1\/1\" el_position=\"first last\" letter_spacing=\"0\"]Contacta con nosotros[\/mk_fancy_title][\/vc_column][\/vc_row][vc_row][vc_column][vc_column_text]\r\n[\/vc_column_text][\/vc_column][\/vc_row][vc_row][vc_column width=\"1\/1\"][mk_fancy_title tag_name=\"h1\" style=\"false\" color=\"#888888\" size=\"13\" font_weight=\"normal\" margin_top=\"0\" margin_bottom=\"30\" font_family=\"none\" align=\"center\" width=\"1\/1\" el_position=\"first last\" letter_spacing=\"0\"]Nuestros expertos te aconsejar\u00e1n lo mejor para tu negocio[\/mk_fancy_title][\/vc_column][\/vc_row][vc_row][vc_column][vc_column_text]\r\n[\/vc_column_text][\/vc_column][\/vc_row][vc_row][vc_column width=\"1\/1\"][mk_padding_divider size=\"40\" width=\"1\/1\" el_position=\"first last\"][\/vc_column][\/vc_row][vc_row][vc_column][vc_column_text]\r\n[\/vc_column_text][\/vc_column][\/vc_row][vc_row][vc_column width=\"1\/1\"][vc_column_text disable_pattern=\"true\" align=\"left\" margin_bottom=\"0\" p_margin_bottom=\"20\" width=\"1\/1\" el_position=\"first last\"] [\/vc_column_text][\/vc_column][\/vc_row][vc_row][vc_column][vc_column_text]\r\n[\/vc_column_text][\/vc_column][\/vc_row][vc_row][vc_column width=\"1\/2\" el_position=\"first\"][mk_circle_image src=\"http:\/\/valensaconsulting.com\/wp-content\/uploads\/2013\/06\/contacto1.jpg\" image_diameter=\"400\" width=\"1\/1\" el_position=\"first last\"][mk_fancy_title tag_name=\"h1\" style=\"false\" color=\"#2a71a3\" size=\"20\" font_weight=\"300\" margin_top=\"30\" margin_bottom=\"18\" font_family=\"none\" align=\"center\" width=\"1\/1\" el_position=\"first last\" letter_spacing=\"0\"]666416516 - 622110101[\/mk_fancy_title][mk_fancy_title tag_name=\"h1\" style=\"false\" color=\"#333333\" size=\"16\" font_weight=\"bold\" margin_top=\"10\" margin_bottom=\"10\" font_family=\"none\" align=\"center\" width=\"1\/1\" el_position=\"first last\" letter_spacing=\"0\"]info@valensaconsulting.com\r\n\r\nMatiko 6, 2 Planta, Bilbao\r\nAvenida de la libertad 17, 2 Planta, Donostia[\/mk_fancy_title][\/vc_column][vc_column width=\"1\/2\" el_position=\"last\"][vc_column_text title=\"Nos encantar\u00e1 resolver tus dudas\" disable_pattern=\"false\" align=\"left\" margin_bottom=\"0\" p_margin_bottom=\"20\" width=\"1\/1\" el_position=\"first last\"]No pierdas m\u00e1s tiempo en pedir informaci\u00f3n, estamos para asesorarte y ayudar a crecer tu negocio. Te daremos ideas para fomentar las ventas y para conseguir una alianza con tus clientes.\r\nSomos gente joven con ideas frescas y muchas ganas de demostrar que la inversi\u00f3n en marketing online es la m\u00e1s \"barata\" que puedas utilizar hoy en d\u00eda.\r\nPonte en contacto con nosotros a trav\u00e9s del formulario:[\/vc_column_text][mk_padding_divider size=\"20\" width=\"1\/1\" el_position=\"first last\"][mk_contact_form width=\"1\/1\" el_position=\"first last\"][\/vc_column][\/vc_row]","_et_gb_content_width":"","footnotes":""},"class_list":["post-3103","page","type-page","status-publish","hentry"],"yoast_head":"<!-- This site is optimized with the Yoast SEO plugin v25.2 - https:\/\/yoast.com\/wordpress\/plugins\/seo\/ -->\n<title>Contacto - Valensa Consulting<\/title>\n<meta name=\"robots\" content=\"index, follow, max-snippet:-1, max-image-preview:large, max-video-preview:-1\" \/>\n<link rel=\"canonical\" href=\"https:\/\/valensaconsulting.com\/en\/contacto\/\" \/>\n<meta property=\"og:locale\" content=\"en_US\" \/>\n<meta property=\"og:type\" content=\"article\" \/>\n<meta property=\"og:title\" content=\"Contacto - Valensa Consulting\" \/>\n<meta property=\"og:description\" content=\"Cont\u00e1ctanos Proponemos una sesi\u00f3n inicial de autor\u00eda gratuita para aclarar los objetivos de tu proyecto, trabajemos o no juntos en el futuro.Datos de Contacto +351 929 225 787 \/+34 666 416 516info@valensaconsulting.com407 LINCOLN ROAD SUITE 12NMIAMI BEACH, FL 33139\" \/>\n<meta property=\"og:url\" content=\"https:\/\/valensaconsulting.com\/en\/contacto\/\" \/>\n<meta property=\"og:site_name\" content=\"Valensa Consulting\" \/>\n<meta property=\"article:modified_time\" content=\"2024-10-29T14:02:28+00:00\" \/>\n<meta name=\"twitter:card\" content=\"summary_large_image\" \/>\n<meta name=\"twitter:label1\" content=\"Est. reading time\" \/>\n\t<meta name=\"twitter:data1\" content=\"6 minutes\" \/>\n<script type=\"application\/ld+json\" class=\"yoast-schema-graph\">{\"@context\":\"https:\/\/schema.org\",\"@graph\":[{\"@type\":\"WebPage\",\"@id\":\"https:\/\/valensaconsulting.com\/contacto\/\",\"url\":\"https:\/\/valensaconsulting.com\/contacto\/\",\"name\":\"Contacto - Valensa Consulting\",\"isPartOf\":{\"@id\":\"https:\/\/valensaconsulting.com\/#website\"},\"datePublished\":\"2013-06-29T02:14:21+00:00\",\"dateModified\":\"2024-10-29T14:02:28+00:00\",\"breadcrumb\":{\"@id\":\"https:\/\/valensaconsulting.com\/contacto\/#breadcrumb\"},\"inLanguage\":\"en-US\",\"potentialAction\":[{\"@type\":\"ReadAction\",\"target\":[\"https:\/\/valensaconsulting.com\/contacto\/\"]}]},{\"@type\":\"BreadcrumbList\",\"@id\":\"https:\/\/valensaconsulting.com\/contacto\/#breadcrumb\",\"itemListElement\":[{\"@type\":\"ListItem\",\"position\":1,\"name\":\"Portada\",\"item\":\"https:\/\/valensaconsulting.com\/\"},{\"@type\":\"ListItem\",\"position\":2,\"name\":\"Contacto\"}]},{\"@type\":\"WebSite\",\"@id\":\"https:\/\/valensaconsulting.com\/#website\",\"url\":\"https:\/\/valensaconsulting.com\/\",\"name\":\"Valensa Consulting\",\"description\":\"Consultor\u00eda web: 20 a\u00f1os de experiencia\",\"potentialAction\":[{\"@type\":\"SearchAction\",\"target\":{\"@type\":\"EntryPoint\",\"urlTemplate\":\"https:\/\/valensaconsulting.com\/?s={search_term_string}\"},\"query-input\":{\"@type\":\"PropertyValueSpecification\",\"valueRequired\":true,\"valueName\":\"search_term_string\"}}],\"inLanguage\":\"en-US\"}]}<\/script>\n<!-- \/ Yoast SEO plugin. -->","yoast_head_json":{"title":"Contacto - Valensa Consulting","robots":{"index":"index","follow":"follow","max-snippet":"max-snippet:-1","max-image-preview":"max-image-preview:large","max-video-preview":"max-video-preview:-1"},"canonical":"https:\/\/valensaconsulting.com\/en\/contacto\/","og_locale":"en_US","og_type":"article","og_title":"Contacto - Valensa Consulting","og_description":"Cont\u00e1ctanos Proponemos una sesi\u00f3n inicial de autor\u00eda gratuita para aclarar los objetivos de tu proyecto, trabajemos o no juntos en el futuro.Datos de Contacto +351 929 225 787 \/+34 666 416 516info@valensaconsulting.com407 LINCOLN ROAD SUITE 12NMIAMI BEACH, FL 33139","og_url":"https:\/\/valensaconsulting.com\/en\/contacto\/","og_site_name":"Valensa Consulting","article_modified_time":"2024-10-29T14:02:28+00:00","twitter_card":"summary_large_image","twitter_misc":{"Est. reading time":"6 minutes"},"schema":{"@context":"https:\/\/schema.org","@graph":[{"@type":"WebPage","@id":"https:\/\/valensaconsulting.com\/contacto\/","url":"https:\/\/valensaconsulting.com\/contacto\/","name":"Contacto - Valensa Consulting","isPartOf":{"@id":"https:\/\/valensaconsulting.com\/#website"},"datePublished":"2013-06-29T02:14:21+00:00","dateModified":"2024-10-29T14:02:28+00:00","breadcrumb":{"@id":"https:\/\/valensaconsulting.com\/contacto\/#breadcrumb"},"inLanguage":"en-US","potentialAction":[{"@type":"ReadAction","target":["https:\/\/valensaconsulting.com\/contacto\/"]}]},{"@type":"BreadcrumbList","@id":"https:\/\/valensaconsulting.com\/contacto\/#breadcrumb","itemListElement":[{"@type":"ListItem","position":1,"name":"Portada","item":"https:\/\/valensaconsulting.com\/"},{"@type":"ListItem","position":2,"name":"Contacto"}]},{"@type":"WebSite","@id":"https:\/\/valensaconsulting.com\/#website","url":"https:\/\/valensaconsulting.com\/","name":"Valensa Consulting","description":"Consultor\u00eda web: 20 a\u00f1os de experiencia","potentialAction":[{"@type":"SearchAction","target":{"@type":"EntryPoint","urlTemplate":"https:\/\/valensaconsulting.com\/?s={search_term_string}"},"query-input":{"@type":"PropertyValueSpecification","valueRequired":true,"valueName":"search_term_string"}}],"inLanguage":"en-US"}]}},"_links":{"self":[{"href":"https:\/\/valensaconsulting.com\/en\/wp-json\/wp\/v2\/pages\/3103","targetHints":{"allow":["GET"]}}],"collection":[{"href":"https:\/\/valensaconsulting.com\/en\/wp-json\/wp\/v2\/pages"}],"about":[{"href":"https:\/\/valensaconsulting.com\/en\/wp-json\/wp\/v2\/types\/page"}],"author":[{"embeddable":true,"href":"https:\/\/valensaconsulting.com\/en\/wp-json\/wp\/v2\/users\/1"}],"replies":[{"embeddable":true,"href":"https:\/\/valensaconsulting.com\/en\/wp-json\/wp\/v2\/comments?post=3103"}],"version-history":[{"count":26,"href":"https:\/\/valensaconsulting.com\/en\/wp-json\/wp\/v2\/pages\/3103\/revisions"}],"predecessor-version":[{"id":7031,"href":"https:\/\/valensaconsulting.com\/en\/wp-json\/wp\/v2\/pages\/3103\/revisions\/7031"}],"wp:attachment":[{"href":"https:\/\/valensaconsulting.com\/en\/wp-json\/wp\/v2\/media?parent=3103"}],"curies":[{"name":"wp","href":"https:\/\/api.w.org\/{rel}","templated":true}]}}