{"id":2649,"date":"2013-06-26T08:35:23","date_gmt":"2013-06-26T08:35:23","guid":{"rendered":"http:\/\/localhost:8888\/jupiter\/?page_id=2649"},"modified":"2024-09-15T13:05:30","modified_gmt":"2024-09-15T13:05:30","slug":"sobre-nosotros","status":"publish","type":"page","link":"https:\/\/valensaconsulting.com\/en\/sobre-nosotros\/","title":{"rendered":"Sobre Nosotros"},"content":{"rendered":"<p>[et_pb_section fb_built=\u00bb1&#8243; admin_label=\u00bbPage Title Section\u00bb _builder_version=\u00bb4.16&#8243; _module_preset=\u00bbdefault\u00bb use_background_color_gradient=\u00bbon\u00bb background_color_gradient_direction=\u00bb100deg\u00bb background_color_gradient_stops=\u00bb#6b73ff 0%|#000dff 100%\u00bb background_color_gradient_start=\u00bb#6b73ff\u00bb background_color_gradient_end=\u00bb#000dff\u00bb background_image=\u00bbhttps:\/\/valensaconsulting.com\/wp-content\/uploads\/2022\/06\/section-bg-heptagon-right2.png\u00bb custom_padding=\u00bb100px||100px|\u00bb global_colors_info=\u00bb{}\u00bb][et_pb_row admin_label=\u00bbPage Title Area\u00bb _builder_version=\u00bb4.16&#8243; _module_preset=\u00bbdefault\u00bb global_colors_info=\u00bb{}\u00bb][et_pb_column type=\u00bb4_4&#8243; _builder_version=\u00bb4.16&#8243; _module_preset=\u00bbdefault\u00bb custom_padding=\u00bb|||\u00bb global_colors_info=\u00bb{}\u00bb custom_padding__hover=\u00bb|||\u00bb][et_pb_text admin_label=\u00bbTitle\u00bb _builder_version=\u00bb4.17.4&#8243; _module_preset=\u00bbdefault\u00bb text_font=\u00bbPoppins||||||||\u00bb text_font_size=\u00bb18px\u00bb text_line_height=\u00bb1.8em\u00bb header_font=\u00bbPoppins|600|||||||\u00bb header_font_size=\u00bb48px\u00bb header_line_height=\u00bb1.4em\u00bb header_2_font=\u00bb||||||||\u00bb text_orientation=\u00bbcenter\u00bb background_layout=\u00bbdark\u00bb max_width=\u00bb700px\u00bb module_alignment=\u00bbcenter\u00bb custom_margin=\u00bb|||\u00bb animation_style=\u00bbfade\u00bb global_colors_info=\u00bb{}\u00bb]<\/p>\n<h1>Sobre Nosotros<\/h1>\n<p>A young team that loves technology<\/p>\n<p>[\/et_pb_text][\/et_pb_column][\/et_pb_row][\/et_pb_section][et_pb_section fb_built=\u00bb1&#8243; admin_label=\u00bbAbout Us Section\u00bb _builder_version=\u00bb4.16&#8243; _module_preset=\u00bbdefault\u00bb background_size=\u00bbinitial\u00bb background_position=\u00bbbottom_left\u00bb custom_padding=\u00bb90px||90px|\u00bb global_colors_info=\u00bb{}\u00bb][et_pb_row admin_label=\u00bbTitle Area\u00bb _builder_version=\u00bb4.16&#8243; _module_preset=\u00bbdefault\u00bb global_colors_info=\u00bb{}\u00bb][et_pb_column type=\u00bb4_4&#8243; _builder_version=\u00bb4.16&#8243; _module_preset=\u00bbdefault\u00bb custom_padding=\u00bb|||\u00bb global_colors_info=\u00bb{}\u00bb custom_padding__hover=\u00bb|||\u00bb][et_pb_text admin_label=\u00bbTitle\u00bb _builder_version=\u00bb4.17.4&#8243; _module_preset=\u00bbdefault\u00bb text_font=\u00bbPoppins||||||||\u00bb text_font_size=\u00bb16px\u00bb text_line_height=\u00bb1.8em\u00bb header_font=\u00bb||||||||\u00bb header_2_font=\u00bbPoppins|600|||||||\u00bb header_2_text_align=\u00bbcenter\u00bb header_2_font_size=\u00bb36px\u00bb header_2_line_height=\u00bb1.4em\u00bb text_orientation=\u00bbcenter\u00bb max_width=\u00bb550px\u00bb module_alignment=\u00bbcenter\u00bb custom_margin=\u00bb||10px|\u00bb animation_style=\u00bbslide\u00bb animation_direction=\u00bbtop\u00bb animation_intensity_slide=\u00bb10%\u00bb animation_starting_opacity=\u00bb100%\u00bb global_colors_info=\u00bb{}\u00bb]<\/p>\n<h2>We know what works<\/h2>\n<p>[\/et_pb_text][\/et_pb_column][\/et_pb_row][et_pb_row column_structure=\u00bb1_2,1_2&#8243; admin_label=\u00bbAbout Us Area\u00bb _builder_version=\u00bb4.16&#8243; _module_preset=\u00bbdefault\u00bb global_colors_info=\u00bb{}\u00bb][et_pb_column type=\u00bb1_2&#8243; _builder_version=\u00bb4.16&#8243; _module_preset=\u00bbdefault\u00bb custom_padding=\u00bb|||\u00bb global_colors_info=\u00bb{}\u00bb custom_padding__hover=\u00bb|||\u00bb][et_pb_text _builder_version=\u00bb4.17.4&#8243; _module_preset=\u00bbdefault\u00bb text_font=\u00bbPoppins||||||||\u00bb text_font_size=\u00bb16px\u00bb text_line_height=\u00bb1.8em\u00bb global_colors_info=\u00bb{}\u00bb]<\/p>\n<p>Valensa Consulting's DNA is the team that forms it, with one thing in common: a passion for technology. We are an agency specialized in the 2.0 world, and we share the desire to make the \"online universe\" a more complete place.<\/p>\n<p>[\/et_pb_text][\/et_pb_column][et_pb_column type=\u00bb1_2&#8243; _builder_version=\u00bb4.16&#8243; _module_preset=\u00bbdefault\u00bb custom_padding=\u00bb|||\u00bb global_colors_info=\u00bb{}\u00bb custom_padding__hover=\u00bb|||\u00bb][et_pb_text _builder_version=\u00bb4.17.4&#8243; _module_preset=\u00bbdefault\u00bb text_font=\u00bbPoppins||||||||\u00bb text_font_size=\u00bb16px\u00bb text_line_height=\u00bb1.8em\u00bb global_colors_info=\u00bb{}\u00bb]<\/p>\n<p>In all our work we use a prior audit to convey our clients' values. The design area is something fundamental at Valensa, which we take very seriously, because at the end of the day it is the way to show the world who we are.<\/p>\n<p>[\/et_pb_text][\/et_pb_column][\/et_pb_row][\/et_pb_section][et_pb_section fb_built=\u00bb1&#8243; admin_label=\u00bbFeature Section\u00bb _builder_version=\u00bb4.16&#8243; _module_preset=\u00bbdefault\u00bb background_color=\u00bb#f7f7f7&#8243; background_color_gradient_direction=\u00bb90deg\u00bb background_image=\u00bbhttps:\/\/valensaconsulting.com\/wp-content\/uploads\/2022\/06\/section-bg-circle-left3.png\u00bb background_position=\u00bbbottom_center\u00bb custom_padding=\u00bb89px||90px|\u00bb global_colors_info=\u00bb{}\u00bb][et_pb_row column_structure=\u00bb1_2,1_2&#8243; admin_label=\u00bbFeature Area\u00bb _builder_version=\u00bb4.16&#8243; _module_preset=\u00bbdefault\u00bb global_colors_info=\u00bb{}\u00bb][et_pb_column type=\u00bb1_2&#8243; _builder_version=\u00bb4.16&#8243; _module_preset=\u00bbdefault\u00bb custom_padding=\u00bb|||\u00bb global_colors_info=\u00bb{}\u00bb custom_padding__hover=\u00bb|||\u00bb][et_pb_image src=\u00bbhttps:\/\/valensaconsulting.com\/wp-content\/uploads\/2022\/06\/room.png\u00bb title_text=\u00bbroom\u00bb align=\u00bbcenter\u00bb align_tablet=\u00bbcenter\u00bb align_phone=\u00bbcenter\u00bb align_last_edited=\u00bbon|desktop\u00bb _builder_version=\u00bb4.17.4&#8243; _module_preset=\u00bbdefault\u00bb global_colors_info=\u00bb{}\u00bb][\/et_pb_image][\/et_pb_column][et_pb_column type=\u00bb1_2&#8243; _builder_version=\u00bb4.16&#8243; _module_preset=\u00bbdefault\u00bb custom_padding=\u00bb50px||50px|\u00bb global_colors_info=\u00bb{}\u00bb custom_padding__hover=\u00bb|||\u00bb][et_pb_text admin_label=\u00bbTitle\u00bb _builder_version=\u00bb4.17.4&#8243; _module_preset=\u00bbdefault\u00bb text_font=\u00bbPoppins||||||||\u00bb text_font_size=\u00bb16px\u00bb text_line_height=\u00bb1.8em\u00bb header_font=\u00bb||||||||\u00bb header_2_font=\u00bbPoppins|600|||||||\u00bb header_2_text_align=\u00bbleft\u00bb header_2_font_size=\u00bb36px\u00bb header_2_line_height=\u00bb1.4em\u00bb max_width=\u00bb550px\u00bb module_alignment=\u00bbcenter\u00bb custom_margin=\u00bb||10px|\u00bb animation_style=\u00bbslide\u00bb animation_direction=\u00bbtop\u00bb animation_intensity_slide=\u00bb10%\u00bb animation_starting_opacity=\u00bb100%\u00bb global_colors_info=\u00bb{}\u00bb]<\/p>\n<h2>Sectors in which we work<\/h2>\n<p>We have carried out work for many different sectors. However, we are highly specialised in the restaurant sector as many restaurants throughout Spain have trusted us to manage their online marketing.<\/p>\n<p>[\/et_pb_text][\/et_pb_column][\/et_pb_row][et_pb_row column_structure=\u00bb1_2,1_2&#8243; admin_label=\u00bbFeature Area\u00bb _builder_version=\u00bb4.16&#8243; _module_preset=\u00bbdefault\u00bb custom_margin=\u00bb70px|||\u00bb global_colors_info=\u00bb{}\u00bb][et_pb_column type=\u00bb1_2&#8243; _builder_version=\u00bb4.16&#8243; _module_preset=\u00bbdefault\u00bb custom_padding=\u00bb50px||50px|\u00bb global_colors_info=\u00bb{}\u00bb custom_padding__hover=\u00bb|||\u00bb][et_pb_text admin_label=\u00bbTitle\u00bb _builder_version=\u00bb4.17.4&#8243; _module_preset=\u00bbdefault\u00bb text_font=\u00bbPoppins||||||||\u00bb text_font_size=\u00bb16px\u00bb text_line_height=\u00bb1.8em\u00bb header_font=\u00bb||||||||\u00bb header_2_font=\u00bbPoppins|600|||||||\u00bb header_2_text_align=\u00bbleft\u00bb header_2_font_size=\u00bb36px\u00bb header_2_line_height=\u00bb1.4em\u00bb max_width=\u00bb550px\u00bb module_alignment=\u00bbcenter\u00bb custom_margin=\u00bb||10px|\u00bb animation_style=\u00bbslide\u00bb animation_direction=\u00bbtop\u00bb animation_intensity_slide=\u00bb10%\u00bb animation_starting_opacity=\u00bb100%\u00bb global_colors_info=\u00bb{}\u00bb]<\/p>\n<h2>We continue learning day by day<\/h2>\n<p>The digital world is changing at a rapid pace, and continuous training in new technologies is necessary to offer our clients the best current tools.<\/p>\n<p>[\/et_pb_text][\/et_pb_column][et_pb_column type=\u00bb1_2&#8243; _builder_version=\u00bb4.16&#8243; _module_preset=\u00bbdefault\u00bb custom_padding=\u00bb|||\u00bb global_colors_info=\u00bb{}\u00bb custom_padding__hover=\u00bb|||\u00bb][et_pb_image src=\u00bbhttps:\/\/valensaconsulting.com\/wp-content\/uploads\/2022\/06\/computer2.png\u00bb title_text=\u00bbcomputer2&#8243; align=\u00bbcenter\u00bb align_tablet=\u00bbcenter\u00bb align_phone=\u00bbcenter\u00bb align_last_edited=\u00bbon|desktop\u00bb _builder_version=\u00bb4.17.4&#8243; _module_preset=\u00bbdefault\u00bb global_colors_info=\u00bb{}\u00bb][\/et_pb_image][\/et_pb_column][\/et_pb_row][\/et_pb_section]<\/p>","protected":false},"excerpt":{"rendered":"<p>Sobre Nosotros Un equipo joven amante de la tecnolog\u00edaSabemos lo que funcionaEl ADN de Valensa Consulting es el propio equipo que lo formamos, con una caracter\u00edstica en com\u00fan \u201cla pasi\u00f3n por la tecnolog\u00eda\u201d. Somos una agencia especializada en el mundo 2.0, y compartimos el sentimiento por hacer el \u201cuniverso online\u201d un lugar m\u00e1s completo.En todos [&hellip;]<\/p>","protected":false},"author":1,"featured_media":0,"parent":0,"menu_order":0,"comment_status":"open","ping_status":"closed","template":"","meta":{"_et_pb_use_builder":"on","_et_pb_old_content":"[vc_row][vc_column width=\"1\/1\"][mk_font_icons icon=\"icon-superscript\" color=\"#2a71a3\" size=\"xx-large\" padding_horizental=\"4\" padding_vertical=\"4\" circle=\"false\" align=\"center\" width=\"1\/1\" el_position=\"first last\" target=\"_self\"][\/vc_column][\/vc_row][vc_row][vc_column][vc_column_text]\r\n[\/vc_column_text][\/vc_column][\/vc_row][vc_row][vc_column width=\"1\/1\"][mk_fancy_title tag_name=\"h1\" style=\"false\" color=\"#333333\" size=\"32\" font_weight=\"normal\" margin_top=\"20\" margin_bottom=\"18\" font_family=\"none\" align=\"center\" width=\"1\/1\" el_position=\"first last\" letter_spacing=\"0\"]UN EQUIPO JOVEN AMANTE DE LA TECNOLOG\u00cdA[\/mk_fancy_title][\/vc_column][\/vc_row][vc_row][vc_column][vc_column_text]\r\n[\/vc_column_text][\/vc_column][\/vc_row][vc_row][vc_column width=\"1\/2\"][vc_column_text disable_pattern=\"false\" align=\"left\" margin_bottom=\"0\" p_margin_bottom=\"20\" width=\"1\/1\" el_position=\"first\"]El ADN de Dirk Consulting es el propio equipo que lo formamos, con una caracter\u00edstica en com\u00fan \"la pasi\u00f3n por la tecnolog\u00eda\". Somos una agencia especializada en el mundo 2.0, y compartimos el sentimiento por hacer el \"universo online\" un lugar m\u00e1s completo.[\/vc_column_text][\/vc_column][vc_column width=\"1\/2\"][vc_column_text disable_pattern=\"false\" align=\"left\" margin_bottom=\"0\" p_margin_bottom=\"20\" width=\"1\/1\" el_position=\"last\"]En todos\u00a0los\u00a0trabajos\u00a0utilizamos un dise\u00f1o claro y un mensaje que trasmita los valores de nuestros clientes. El \u00e1rea de dise\u00f1o es algo fundamental en Dirk, que nos tomamos muy a pecho, porque al fin y al cabo es la forma de mostrar al mundo qui\u00e9nes somos.[\/vc_column_text][\/vc_column][\/vc_row][vc_row][vc_column width=\"1\/6\" el_position=\"first\"] [\/vc_column][vc_column width=\"2\/3\"][mk_divider style=\"double_dot\" divider_width=\"full_width\" margin_top=\"20\" margin_bottom=\"20\"][mk_fancy_title tag_name=\"h1\" style=\"false\" color=\"#333333\" size=\"28\" font_weight=\"300\" margin_top=\"20\" margin_bottom=\"18\" font_family=\"none\" align=\"center\" width=\"1\/1\" el_position=\"first last\" letter_spacing=\"0\"]\"La mayor\u00eda de la gente piensa que el dise\u00f1o es una chapa, es una simple decoraci\u00f3n. Para m\u00ed, nada es m\u00e1s importante en el futuro que el dise\u00f1o. El dise\u00f1o es el alma de todo lo creado por el hombre.\"[\/mk_fancy_title][mk_fancy_title tag_name=\"h1\" style=\"false\" color=\"#f56a5f\" size=\"14\" font_weight=\"bold\" margin_top=\"10\" margin_bottom=\"18\" font_family=\"none\" align=\"center\" width=\"1\/1\" el_position=\"first last\" letter_spacing=\"0\"]Steve Jobs[\/mk_fancy_title][\/vc_column][vc_column width=\"1\/6\" el_position=\"last\"] [\/vc_column][\/vc_row][vc_row][vc_column][vc_column_text]\r\n[\/vc_column_text][\/vc_column][\/vc_row][vc_row][vc_column width=\"1\/1\"][mk_page_section border_color=\"#e8e8e8\" bg_color=\"#f4f4f4\" attachment=\"scroll\" bg_position=\"left top\" bg_stretch=\"false\" enable_3d=\"false\" speed_factor=\"0\" section_layout=\"full\" sidebar=\"Shortcodes\" min_height=\"100\" padding_top=\"50\" padding_bottom=\"10\" margin_bottom=\"0\" last_page=\"false\" width=\"1\/1\" el_position=\"first last\"][mk_clients count=\"9\" clients=\"2708,2727,2714,2715,2716,2717,2722,2723,2724,2726\" order=\"ASC\" orderby=\"menu_order\" bg_color=\"#ffffff\" border_color=\"#f4f4f4\" height=\"220\" width=\"1\/1\" el_position=\"first\"][mk_icon_box title=\"Sectores con los que trabajamos\" text_size=\"20\" font_weight=\"normal\" style=\"simple_ultimate\" icon_size=\"small\" icon_location=\"left\" circled=\"false\" icon_color=\"#0bb697\" icon_circle_color=\"#0bb697\" box_blur=\"false\" txt_color=\"#333333\" margin=\"30\" width=\"1\/1\" el_position=\"last\" rounded_circle=\"false\"]Hemos realizado trabajos para muchos sectores diferentes. Sin embargo, estamos muy especializados en el sector de la restauraci\u00f3n ya que muchos restaurantes de toda Espa\u00f1a han confiado en nosotros para gestionar su marketing online.<strong>\r\n<\/strong>[\/mk_icon_box][\/mk_page_section][\/vc_column][\/vc_row][vc_row][vc_column][vc_column_text]\r\n[\/vc_column_text][\/vc_column][\/vc_row][vc_row][vc_column width=\"1\/2\" el_position=\"first\"][mk_fancy_title tag_name=\"h1\" style=\"false\" color=\"#333333\" size=\"20\" font_weight=\"normal\" margin_top=\"20\" margin_bottom=\"18\" font_family=\"none\" align=\"left\" width=\"1\/1\" el_position=\"first last\" letter_spacing=\"0\"]Seguimos aprendiendo d\u00eda a d\u00eda[\/mk_fancy_title][vc_column_text disable_pattern=\"false\" align=\"left\" margin_bottom=\"0\" p_margin_bottom=\"20\" width=\"1\/1\" el_position=\"first last\"]Nuestra especialidad es cuidar los trabajos que hacemos con un dise\u00f1o claro y sencillo, para que el usuario entienda el concepto de negocio intuitivamente. Una parte del equipo es gratamente\u00a0admirada por nuestros clientes en el campo de la fotograf\u00eda.\r\nTodos estos conceptos los unimos a la programaci\u00f3n web para crear webs que retienen y atraen el inter\u00e9s de los clientes.\r\nEstamos sumergi\u00e9ndonos en los \u00faltimos a\u00f1os en el maravilloso mundo de las apps m\u00f3viles, ya que lo consideramos la tecnolog\u00eda del futuro.[\/vc_column_text][\/vc_column][vc_column width=\"1\/2\" el_position=\"last\"][mk_skill_meter title=\"Programaci\u00f3n web\" percent=\"81\" color=\"#2a71a3\" width=\"1\/1\" el_position=\"first last\"][mk_skill_meter title=\"Android\" percent=\"58\" color=\"#2a71a3\" width=\"1\/1\" el_position=\"first last\"][mk_skill_meter title=\"iOs\" percent=\"51\" color=\"#2a71a3\" width=\"1\/1\" el_position=\"first last\"][mk_skill_meter title=\"Dise\u00f1o\" percent=\"90\" color=\"#2a71a3\" width=\"1\/1\" el_position=\"first last\"][mk_skill_meter title=\"Marketing\" percent=\"72\" color=\"#2a71a3\" width=\"1\/1\" el_position=\"first last\"][\/vc_column][\/vc_row][vc_row][vc_column][vc_column_text disable_pattern=\"true\" align=\"left\" margin_bottom=\"30\"][mk_divider style=\"double_dot\" divider_width=\"full_width\" margin_top=\"20\" margin_bottom=\"20\"][\/vc_column][\/vc_row][vc_row][vc_column width=\"1\/6\" el_position=\"first\"][mk_font_icons icon=\"icon-question-sign\" color=\"#d6d6d6\" size=\"xx-large\" padding_horizental=\"4\" padding_vertical=\"20\" circle=\"false\" align=\"right\" animation=\"left-to-right\" width=\"1\/1\" el_position=\"first last\"][\/vc_column][vc_column width=\"1\/2\"][mk_fancy_title tag_name=\"h1\" style=\"false\" color=\"#333333\" size=\"28\" font_weight=\"300\" margin_top=\"20\" margin_bottom=\"18\" font_family=\"none\" align=\"left\" width=\"1\/1\" el_position=\"first last\" letter_spacing=\"0\"]\u00bfQuieres saber m\u00e1s de nosotros?[\/mk_fancy_title][vc_column_text disable_pattern=\"false\" align=\"left\" margin_bottom=\"0\" p_margin_bottom=\"20\" width=\"1\/1\" el_position=\"first last\"]Si deseas recibir m\u00e1s informaci\u00f3n sobre\u00a0Dirk Consulting, o nuestra forma de trabajar s\u00f3lo tienes que enviarnos un email.[\/vc_column_text][\/vc_column][vc_column width=\"1\/3\" el_position=\"last\"][mk_button dimension=\"three\" size=\"large\" bg_color=\"#2a71a3\" text_color=\"light\" icon=\"moon-envelop\" target=\"_self\" align=\"center\" margin_top=\"60\" margin_bottom=\"15\" width=\"1\/1\" el_position=\"first last\" outline_skin=\"dark\" outline_active_color=\"#fff\" outline_hover_color=\"#333333\" fullwidth=\"false\" url=\"http:\/\/valensaconsulting.com\/contacto\/\"]Contactar\r\n\r\n[\/mk_button][\/vc_column][\/vc_row]","_et_gb_content_width":"","footnotes":""},"class_list":["post-2649","page","type-page","status-publish","hentry"],"yoast_head":"<!-- This site is optimized with the Yoast SEO plugin v25.2 - https:\/\/yoast.com\/wordpress\/plugins\/seo\/ -->\n<title>Sobre Nosotros - Valensa Consulting<\/title>\n<meta name=\"robots\" content=\"index, follow, max-snippet:-1, max-image-preview:large, max-video-preview:-1\" \/>\n<link rel=\"canonical\" href=\"https:\/\/valensaconsulting.com\/en\/sobre-nosotros\/\" \/>\n<meta property=\"og:locale\" content=\"en_US\" \/>\n<meta property=\"og:type\" content=\"article\" \/>\n<meta property=\"og:title\" content=\"Sobre Nosotros - Valensa Consulting\" \/>\n<meta property=\"og:description\" content=\"Sobre Nosotros Un equipo joven amante de la tecnolog\u00edaSabemos lo que funcionaEl ADN de Valensa Consulting es el propio equipo que lo formamos, con una caracter\u00edstica en com\u00fan \u201cla pasi\u00f3n por la tecnolog\u00eda\u201d. Somos una agencia especializada en el mundo 2.0, y compartimos el sentimiento por hacer el \u201cuniverso online\u201d un lugar m\u00e1s completo.En todos [&hellip;]\" \/>\n<meta property=\"og:url\" content=\"https:\/\/valensaconsulting.com\/en\/sobre-nosotros\/\" \/>\n<meta property=\"og:site_name\" content=\"Valensa Consulting\" \/>\n<meta property=\"article:modified_time\" content=\"2024-09-15T13:05:30+00:00\" \/>\n<meta name=\"twitter:card\" content=\"summary_large_image\" \/>\n<meta name=\"twitter:label1\" content=\"Est. reading time\" \/>\n\t<meta name=\"twitter:data1\" content=\"5 minutes\" \/>\n<script type=\"application\/ld+json\" class=\"yoast-schema-graph\">{\"@context\":\"https:\/\/schema.org\",\"@graph\":[{\"@type\":\"WebPage\",\"@id\":\"https:\/\/valensaconsulting.com\/sobre-nosotros\/\",\"url\":\"https:\/\/valensaconsulting.com\/sobre-nosotros\/\",\"name\":\"Sobre Nosotros - Valensa Consulting\",\"isPartOf\":{\"@id\":\"https:\/\/valensaconsulting.com\/#website\"},\"datePublished\":\"2013-06-26T08:35:23+00:00\",\"dateModified\":\"2024-09-15T13:05:30+00:00\",\"breadcrumb\":{\"@id\":\"https:\/\/valensaconsulting.com\/sobre-nosotros\/#breadcrumb\"},\"inLanguage\":\"en-US\",\"potentialAction\":[{\"@type\":\"ReadAction\",\"target\":[\"https:\/\/valensaconsulting.com\/sobre-nosotros\/\"]}]},{\"@type\":\"BreadcrumbList\",\"@id\":\"https:\/\/valensaconsulting.com\/sobre-nosotros\/#breadcrumb\",\"itemListElement\":[{\"@type\":\"ListItem\",\"position\":1,\"name\":\"Portada\",\"item\":\"https:\/\/valensaconsulting.com\/\"},{\"@type\":\"ListItem\",\"position\":2,\"name\":\"Sobre Nosotros\"}]},{\"@type\":\"WebSite\",\"@id\":\"https:\/\/valensaconsulting.com\/#website\",\"url\":\"https:\/\/valensaconsulting.com\/\",\"name\":\"Valensa Consulting\",\"description\":\"Consultor\u00eda web: 20 a\u00f1os de experiencia\",\"potentialAction\":[{\"@type\":\"SearchAction\",\"target\":{\"@type\":\"EntryPoint\",\"urlTemplate\":\"https:\/\/valensaconsulting.com\/?s={search_term_string}\"},\"query-input\":{\"@type\":\"PropertyValueSpecification\",\"valueRequired\":true,\"valueName\":\"search_term_string\"}}],\"inLanguage\":\"en-US\"}]}<\/script>\n<!-- \/ Yoast SEO plugin. -->","yoast_head_json":{"title":"Sobre Nosotros - Valensa Consulting","robots":{"index":"index","follow":"follow","max-snippet":"max-snippet:-1","max-image-preview":"max-image-preview:large","max-video-preview":"max-video-preview:-1"},"canonical":"https:\/\/valensaconsulting.com\/en\/sobre-nosotros\/","og_locale":"en_US","og_type":"article","og_title":"Sobre Nosotros - Valensa Consulting","og_description":"Sobre Nosotros Un equipo joven amante de la tecnolog\u00edaSabemos lo que funcionaEl ADN de Valensa Consulting es el propio equipo que lo formamos, con una caracter\u00edstica en com\u00fan \u201cla pasi\u00f3n por la tecnolog\u00eda\u201d. Somos una agencia especializada en el mundo 2.0, y compartimos el sentimiento por hacer el \u201cuniverso online\u201d un lugar m\u00e1s completo.En todos [&hellip;]","og_url":"https:\/\/valensaconsulting.com\/en\/sobre-nosotros\/","og_site_name":"Valensa Consulting","article_modified_time":"2024-09-15T13:05:30+00:00","twitter_card":"summary_large_image","twitter_misc":{"Est. reading time":"5 minutes"},"schema":{"@context":"https:\/\/schema.org","@graph":[{"@type":"WebPage","@id":"https:\/\/valensaconsulting.com\/sobre-nosotros\/","url":"https:\/\/valensaconsulting.com\/sobre-nosotros\/","name":"Sobre Nosotros - Valensa Consulting","isPartOf":{"@id":"https:\/\/valensaconsulting.com\/#website"},"datePublished":"2013-06-26T08:35:23+00:00","dateModified":"2024-09-15T13:05:30+00:00","breadcrumb":{"@id":"https:\/\/valensaconsulting.com\/sobre-nosotros\/#breadcrumb"},"inLanguage":"en-US","potentialAction":[{"@type":"ReadAction","target":["https:\/\/valensaconsulting.com\/sobre-nosotros\/"]}]},{"@type":"BreadcrumbList","@id":"https:\/\/valensaconsulting.com\/sobre-nosotros\/#breadcrumb","itemListElement":[{"@type":"ListItem","position":1,"name":"Portada","item":"https:\/\/valensaconsulting.com\/"},{"@type":"ListItem","position":2,"name":"Sobre Nosotros"}]},{"@type":"WebSite","@id":"https:\/\/valensaconsulting.com\/#website","url":"https:\/\/valensaconsulting.com\/","name":"Valensa Consulting","description":"Consultor\u00eda web: 20 a\u00f1os de experiencia","potentialAction":[{"@type":"SearchAction","target":{"@type":"EntryPoint","urlTemplate":"https:\/\/valensaconsulting.com\/?s={search_term_string}"},"query-input":{"@type":"PropertyValueSpecification","valueRequired":true,"valueName":"search_term_string"}}],"inLanguage":"en-US"}]}},"_links":{"self":[{"href":"https:\/\/valensaconsulting.com\/en\/wp-json\/wp\/v2\/pages\/2649","targetHints":{"allow":["GET"]}}],"collection":[{"href":"https:\/\/valensaconsulting.com\/en\/wp-json\/wp\/v2\/pages"}],"about":[{"href":"https:\/\/valensaconsulting.com\/en\/wp-json\/wp\/v2\/types\/page"}],"author":[{"embeddable":true,"href":"https:\/\/valensaconsulting.com\/en\/wp-json\/wp\/v2\/users\/1"}],"replies":[{"embeddable":true,"href":"https:\/\/valensaconsulting.com\/en\/wp-json\/wp\/v2\/comments?post=2649"}],"version-history":[{"count":33,"href":"https:\/\/valensaconsulting.com\/en\/wp-json\/wp\/v2\/pages\/2649\/revisions"}],"predecessor-version":[{"id":7017,"href":"https:\/\/valensaconsulting.com\/en\/wp-json\/wp\/v2\/pages\/2649\/revisions\/7017"}],"wp:attachment":[{"href":"https:\/\/valensaconsulting.com\/en\/wp-json\/wp\/v2\/media?parent=2649"}],"curies":[{"name":"wp","href":"https:\/\/api.w.org\/{rel}","templated":true}]}}